{"id":4506,"date":"2025-11-08T17:42:27","date_gmt":"2025-11-08T16:42:27","guid":{"rendered":"https:\/\/irmina.art\/?page_id=4506"},"modified":"2025-11-23T11:27:08","modified_gmt":"2025-11-23T10:27:08","slug":"perversia","status":"publish","type":"page","link":"https:\/\/irmina.art\/index.php\/perversia\/","title":{"rendered":"Perversia"},"content":{"rendered":"\n<div style=\"height:25px\" aria-hidden=\"true\" class=\"wp-block-spacer\"><\/div>\n\n\n\n<h4 id=\"wp-block-themeisle-blocks-advanced-heading-352660e1\" class=\"wp-block-themeisle-blocks-advanced-heading wp-block-themeisle-blocks-advanced-heading-352660e1\"><strong>Fragmentos de algunos poemas<\/strong><\/h4>\n\n\n\n<p class=\"has-small-font-size\">(En m\u00f3viles, usando la orientaci\u00f3n vertical, los versos pueden quedar fraccionados. Por ello, es recomendable cambiar a la orientaci\u00f3n horizontal)<\/p>\n\n\n\n<div style=\"height:25px\" aria-hidden=\"true\" class=\"wp-block-spacer\"><\/div>\n\n\n\n<h5 id=\"wp-block-themeisle-blocks-advanced-heading-a3a0259f\" class=\"wp-block-themeisle-blocks-advanced-heading wp-block-themeisle-blocks-advanced-heading-a3a0259f\">No hay milagros<\/h5>\n\n\n\n<p class=\"has-small-font-size\">Cuando la aurora rompa la noche<br>con su feroz y helado aliento<br>y nada ya recuerdes de tu historia,<br>t\u00fa, que habr\u00e1s dormido entre estrellas<br>y envuelta en el blanco velo de la luna,<br>te dejar\u00e1s llevar sin miramientos.<br>Ser\u00e1 la Muerte, que s\u00f3lo con rozarte<br>te har\u00e1 suya para siempre.<br>Te habr\u00e1 alcanzado en tu in\u00fatil vuelo<br>por conseguir felices quimeras.<br>No habr\u00e1 camino que seguir entonces.<br>No habr\u00e1n luces en tu cielo.<br>No habr\u00e1 m\u00e1s que la hierba agostada<br>o la nieve de perlados asf\u00f3delos<br>escondiendo las espuelas de tu yegua.<\/p>\n\n\n\n<p class=\"has-small-font-size\">\u2022\u2022\u2022 \u2022\u2022\u2022 \u2022\u2022\u2022<\/p>\n\n\n\n<div style=\"height:25px\" aria-hidden=\"true\" class=\"wp-block-spacer\"><\/div>\n\n\n\n<h5 id=\"wp-block-themeisle-blocks-advanced-heading-c937808a\" class=\"wp-block-themeisle-blocks-advanced-heading wp-block-themeisle-blocks-advanced-heading-c937808a\">Poema para una muerte<\/h5>\n\n\n\n<p class=\"has-small-font-size\">Sobre la hierba la escarcha se deshace.<br>Y la vida contin\u00faa\u2026<br>Yo bebo de ese caldo que me ofreces<br>\u2014s\u00f3lo por ti lo tomo\u2014: crudo, ins\u00edpido,<br>sin casi color, desustanciado, da\u00f1ino,<br>servido de la hoya profunda de tu mano.<br>Y mientras sorbo \u2014sin saber qu\u00e9 ser\u00e1 de m\u00ed\u2014,<br>un silencio de nieve cruza entre nosotros.<br>Pero el silencio se exilia para darme paso,<br>para dejar que mi voz te salude:<br>\u00a1Salve, eterno mortal, salve!<br>Recu\u00e9rdame que te adore,<br>que venere este momento de misericordia.<br>Pongo mis labios fr\u00edos en el calor de tu piel.<br>Mil veces los pondr\u00eda, sin pensar en nada,<br>sin temor a morir, porque estoy contigo.<br>Estoy contigo.<br>Y la vida contin\u00faa\u2026<\/p>\n\n\n\n<p class=\"has-small-font-size\">\u2022\u2022\u2022 \u2022\u2022\u2022 \u2022\u2022\u2022<\/p>\n\n\n\n<div style=\"height:25px\" aria-hidden=\"true\" class=\"wp-block-spacer\"><\/div>\n\n\n\n<h5 id=\"wp-block-themeisle-blocks-advanced-heading-b24ce592\" class=\"wp-block-themeisle-blocks-advanced-heading wp-block-themeisle-blocks-advanced-heading-b24ce592\">Me quedar\u00e9 contigo<\/h5>\n\n\n\n<p class=\"has-small-font-size\">Shhh\u2026<br>Me quedar\u00e9 contigo aunque no quieras.<br>No te asombres si te confieso mi pensamiento<br>(que contravendr\u00e1 cada palabra tuya).<br>No te asombres, pues nada hay m\u00e1s cuerdo<br>que enfrentarse a tus decisiones.<br>Porque siento temor prescindir\u00e1s de m\u00ed.<br>Y t\u00fa, bienaventurado, tan seguro de ti,<br>te dejar\u00e1s caer sobre hielo sin miedo a congelarte.<br>Mientras, los car\u00e1mbanos atravesar\u00e1n mi pecho<br>y se deshar\u00e1n al calor de mi coraz\u00f3n.<\/p>\n\n\n\n<p class=\"has-small-font-size\">\u2022\u2022\u2022 \u2022\u2022\u2022 \u2022\u2022\u2022<\/p>\n\n\n\n<div style=\"height:25px\" aria-hidden=\"true\" class=\"wp-block-spacer\"><\/div>\n\n\n\n<h5 id=\"wp-block-themeisle-blocks-advanced-heading-4d794682\" class=\"wp-block-themeisle-blocks-advanced-heading wp-block-themeisle-blocks-advanced-heading-4d794682\">Mi coraz\u00f3n<\/h5>\n\n\n\n<p class=\"has-small-font-size\">Pongo mi coraz\u00f3n entre los lilos,<br>pues lleva el rastro del Poeta y de la Muerte<br>(juego con \u00e9l al escondite<br>mientras pienso en lo l\u00edrico del tiempo,<br>en lo barroco de mi existencia,<br>en lo excesivo de mi historia).<br>\u00a1C\u00f3mo se encendi\u00f3 mi coraz\u00f3n un d\u00eda<br>y fue a incendiar el mundo entero!<\/p>\n\n\n\n<p class=\"has-small-font-size\">\u2022\u2022\u2022 \u2022\u2022\u2022 \u2022\u2022\u2022<\/p>\n\n\n\n<div style=\"height:25px\" aria-hidden=\"true\" class=\"wp-block-spacer\"><\/div>\n\n\n\n<h5 id=\"wp-block-themeisle-blocks-advanced-heading-aa80fbeb\" class=\"wp-block-themeisle-blocks-advanced-heading wp-block-themeisle-blocks-advanced-heading-aa80fbeb\">Sin coraz\u00f3n<\/h5>\n\n\n\n<p class=\"has-small-font-size\">\u00bfPero c\u00f3mo ha llegado a palpitar<br>tu coraz\u00f3n sobre la helada nieve,<br>all\u00ed donde mi sangre se ha cuajado,<br>all\u00ed donde clavaste tu bandera?<br>\u00bfAcaso lo sabes t\u00fa, monstruo m\u00edo?<br>Todo cabe en mis manos, todo.<br>Agarrar\u00e9 tu coraz\u00f3n con ellas.<br>\u00bfC\u00f3mo sin \u00e9l (tu fortaleza) podr\u00e1s vivir?<\/p>\n\n\n\n<p class=\"has-small-font-size\">\u2022\u2022\u2022 \u2022\u2022\u2022 \u2022\u2022\u2022<\/p>\n\n\n\n<div style=\"height:25px\" aria-hidden=\"true\" class=\"wp-block-spacer\"><\/div>\n\n\n\n<h5 id=\"wp-block-themeisle-blocks-advanced-heading-3045cc0e\" class=\"wp-block-themeisle-blocks-advanced-heading wp-block-themeisle-blocks-advanced-heading-3045cc0e\">Amapola<\/h5>\n\n\n\n<p class=\"has-small-font-size\">A la <strong>f<\/strong>eliz y <strong>f<\/strong>r\u00e1gil amapola<br>a quien, en esta <strong>f<\/strong>iesta por los dioses bendecida,<br>has de abrazar con la <strong>f<\/strong>uria de tus manos.<br>S\u00ed, s\u00ed, s\u00ed, con la <strong>f<\/strong>uria de tus manos,<br>con el <strong>f<\/strong>atuo de tu <strong>f<\/strong>rente,<br>con ne<strong>f<\/strong>ando grito en tu garganta.<br>Una <strong>f<\/strong>eroz <strong>f<\/strong>an<strong>f<\/strong>arria <strong>f<\/strong>lamea<br>en la noche tan <strong>f<\/strong>ogosa como <strong>f<\/strong>osca.<br>T\u00fa, <strong>f<\/strong>iera sin \u00e1nima,<br>por en<strong>f<\/strong>laquecer las culpas,<br>desgranas tu p\u00e9r<strong>f<\/strong>ida <strong>f<\/strong>uerza,<br>colmas tu boca de de<strong>f<\/strong>ormes <strong>f<\/strong>rases,<br>excitas al m\u00e1ximo el <strong>f<\/strong>uego de tu pecho.<\/p>\n\n\n\n<p class=\"has-small-font-size\">\u2022\u2022\u2022 \u2022\u2022\u2022 \u2022\u2022\u2022<\/p>\n\n\n\n<div style=\"height:25px\" aria-hidden=\"true\" class=\"wp-block-spacer\"><\/div>\n\n\n\n<h5 id=\"wp-block-themeisle-blocks-advanced-heading-2cd3c415\" class=\"wp-block-themeisle-blocks-advanced-heading wp-block-themeisle-blocks-advanced-heading-2cd3c415\">Vencer a la muerte<\/h5>\n\n\n\n<p class=\"has-small-font-size\">D\u00e9jame sobre la amada tierra descansar,<br>donde como polvo yacen otros.<br>No volver\u00e9 sino convertida en claridad,<br>en la nube desde la que la lluvia se desploma.<br>Ya nada habr\u00e1 de sorprenderme.<br>D\u00e9jame, d\u00e9jame\u2026<br>D\u00e9jame sobre la amada tierra descansar,<br>all\u00ed donde pis\u00e9 con el br\u00edo de la juventud,<br>con la profundidad de mis sentimientos.<br>Entonces me saltar\u00e9 el tiempo de la desdicha:<br>por fin ser\u00e9 yo misma,<br>nadie tendr\u00e1 que despreciarme.<\/p>\n\n\n\n<p class=\"has-small-font-size\">\u2022\u2022\u2022 \u2022\u2022\u2022 \u2022\u2022\u2022<\/p>\n\n\n\n<div style=\"height:25px\" aria-hidden=\"true\" class=\"wp-block-spacer\"><\/div>\n\n\n\n<h5 id=\"wp-block-themeisle-blocks-advanced-heading-c3590196\" class=\"wp-block-themeisle-blocks-advanced-heading wp-block-themeisle-blocks-advanced-heading-c3590196\">Recuerdos<\/h5>\n\n\n\n<p class=\"has-small-font-size\">\u2022\u2022\u2022 \u2022\u2022\u2022 \u2022\u2022\u2022<\/p>\n\n\n\n<p class=\"has-small-font-size\">Al v\u00e9spero me he extraviado<br>y como fugitiva entre las sombras camino.<br>Viejos monstruos me acompa\u00f1an:<br>vienen conmigo en todo momento,<br>conmigo est\u00e1n d\u00eda tras d\u00eda.<br>Desenvaino mi espada y lucho como puedo,<br>pero ellos me tumban de un solo soplo.<br>\u00bfAcaso es cierto que estoy viva?<br>\u00bfEncontrar\u00e9 alguna vez esas horas bellas<br>que tan lejos se fueron?<br>Voy tras ellas como enloquecida.<br>Nunca volver\u00e1 a ser noviembre.<\/p>\n\n\n\n<div style=\"height:25px\" aria-hidden=\"true\" class=\"wp-block-spacer\"><\/div>\n\n\n\n<h5 id=\"wp-block-themeisle-blocks-advanced-heading-b98696de\" class=\"wp-block-themeisle-blocks-advanced-heading wp-block-themeisle-blocks-advanced-heading-b98696de\">Soneto al cielo p\u00farpura de Tiro<\/h5>\n\n\n\n<p class=\"has-small-font-size\">Presiento que la p\u00farpura de Tiro<br>no te\u00f1ir\u00e1 m\u00e1s cielo que tu cielo.<br>Mas tan puro crep\u00fasculo anhelo<br>que no escondo que por \u00e9l deliro.<\/p>\n\n\n\n<p class=\"has-small-font-size\">Y si a nada m\u00e1s sublime aspiro<br>que al rojo y garzo de ese velo,<br>a los dioses suplico que, en su vuelo,<br>mi ocaso tinten sin darse un respiro.<\/p>\n\n\n\n<p class=\"has-small-font-size\">Morfeo en su presa me convierte.<br>Y muerta de sue\u00f1o aunque no quiera,<br>al v\u00e9spero me encuentro con mi muerte.<\/p>\n\n\n\n<p class=\"has-small-font-size\">Cada atardecida en que yo muera<br>que una luz al momento me despierte,<br>pues no quiero ver un cielo cualquiera.<\/p>\n\n\n\n<div style=\"height:25px\" aria-hidden=\"true\" class=\"wp-block-spacer\"><\/div>\n\n\n\n<div id=\"wp-block-themeisle-blocks-button-group-75cf72ae\" class=\"wp-block-themeisle-blocks-button-group wp-block-buttons align-right-desktop\">\n<div id=\"wp-block-themeisle-blocks-button-fe1fc1ba\" class=\"wp-block-themeisle-blocks-button wp-block-button\"><a href=\"https:\/\/irmina.art\/index.php\/versos-y-razones\/\" target=\"_self\" rel=\"noopener noreferrer\" class=\"wp-block-button__link\"><span><strong>Volver<\/strong><\/span><\/a><\/div>\n<\/div>\n","protected":false},"excerpt":{"rendered":"<p>(En m\u00f3viles, usando la orientaci\u00f3n vertical, los versos pueden quedar fraccionados. Por ello, es recomendable cambiar a la orientaci\u00f3n horizontal) Cuando la aurora rompa la nochecon su feroz y helado alientoy nada ya recuerdes de tu historia,t\u00fa, que habr\u00e1s dormido entre estrellasy envuelta en el blanco velo de la luna,te dejar\u00e1s llevar sin miramientos.Ser\u00e1 la [&hellip;]<\/p>\n","protected":false},"author":1,"featured_media":0,"parent":0,"menu_order":0,"comment_status":"closed","ping_status":"closed","template":"","meta":{"_themeisle_gutenberg_block_has_review":false,"footnotes":""},"class_list":["post-4506","page","type-page","status-publish","hentry"],"_links":{"self":[{"href":"https:\/\/irmina.art\/index.php\/wp-json\/wp\/v2\/pages\/4506","targetHints":{"allow":["GET"]}}],"collection":[{"href":"https:\/\/irmina.art\/index.php\/wp-json\/wp\/v2\/pages"}],"about":[{"href":"https:\/\/irmina.art\/index.php\/wp-json\/wp\/v2\/types\/page"}],"author":[{"embeddable":true,"href":"https:\/\/irmina.art\/index.php\/wp-json\/wp\/v2\/users\/1"}],"replies":[{"embeddable":true,"href":"https:\/\/irmina.art\/index.php\/wp-json\/wp\/v2\/comments?post=4506"}],"version-history":[{"count":4,"href":"https:\/\/irmina.art\/index.php\/wp-json\/wp\/v2\/pages\/4506\/revisions"}],"predecessor-version":[{"id":4561,"href":"https:\/\/irmina.art\/index.php\/wp-json\/wp\/v2\/pages\/4506\/revisions\/4561"}],"wp:attachment":[{"href":"https:\/\/irmina.art\/index.php\/wp-json\/wp\/v2\/media?parent=4506"}],"curies":[{"name":"wp","href":"https:\/\/api.w.org\/{rel}","templated":true}]}}