{"id":4503,"date":"2025-11-08T17:11:24","date_gmt":"2025-11-08T16:11:24","guid":{"rendered":"https:\/\/irmina.art\/?page_id=4503"},"modified":"2025-11-23T12:08:03","modified_gmt":"2025-11-23T11:08:03","slug":"introversa","status":"publish","type":"page","link":"https:\/\/irmina.art\/index.php\/introversa\/","title":{"rendered":"Introversa"},"content":{"rendered":"\n<p class=\"has-text-align-center has-small-font-size\"><strong>Aspira a convertir el coraz\u00f3n en versos su infortunio.<br>\u00bfAcaso no ser\u00e1 ese su \u00fanico consuelo?<\/strong><br>\u2022\u2022\u2022 \u2022\u2022\u2022 \u2022\u2022\u2022<br><strong>Dedico al alma estos versos fantasmales,<br>pues m\u00e1s me ha de atraer lo eterno que lo finito.<\/strong><br>\u2022\u2022\u2022 \u2022\u2022\u2022 \u2022\u2022\u2022<br><strong>Un desapacible sentimiento me incita a fabular.<br>\u00a1Benditos versos me inundan entonces!<\/strong><\/p>\n\n\n\n<div style=\"height:25px\" aria-hidden=\"true\" class=\"wp-block-spacer\"><\/div>\n\n\n\n<h4 id=\"wp-block-themeisle-blocks-advanced-heading-352660e1\" class=\"wp-block-themeisle-blocks-advanced-heading wp-block-themeisle-blocks-advanced-heading-352660e1\"><strong>Fragmentos de algunos poemas<\/strong><\/h4>\n\n\n\n<p class=\"has-small-font-size\">(En m\u00f3viles, usando la orientaci\u00f3n vertical, los versos pueden quedar fraccionados. Por ello, es recomendable cambiar a la orientaci\u00f3n horizontal)<\/p>\n\n\n\n<div style=\"height:25px\" aria-hidden=\"true\" class=\"wp-block-spacer\"><\/div>\n\n\n\n<h5 id=\"wp-block-themeisle-blocks-advanced-heading-bfe4a402\" class=\"wp-block-themeisle-blocks-advanced-heading wp-block-themeisle-blocks-advanced-heading-bfe4a402\">Rondar de las penas<\/h5>\n\n\n\n<p class=\"has-small-font-size\">No coloqu\u00e9 los verbos en su sitio,<br>no emparej\u00e9 s\u00edlaba con nota alguna,<br>no dej\u00e9 que escaparan las gracias de mi alma.<br>Se me fue yendo el sentimiento.<\/p>\n\n\n\n<p class=\"has-small-font-size\">Pos\u00e9 en mi regaz\u00f3 el corvo de la guitarra,<br>mas no pude pulsar los tensados hilos:<br>mis dedos de espuma sangraban.<br>Se me fueron volando las manos.<br>Se me fueron perdiendo las cuerdas.<\/p>\n\n\n\n<p class=\"has-small-font-size\">Quise bailar para apartar mi suplicio,<br>pero no se ten\u00eda mi falda de raso,<br>ni se ten\u00edan las cintas de mis zapatos,<br>ni me acoplaba el cuerpo goyesco;<br>y las horquillas que me repeinaban<br>como aguijones se me clavaban.<\/p>\n\n\n\n<p class=\"has-small-font-size\">Dej\u00e9 la flor que nunca encontr\u00e9<br>en un lado de mi pensamiento,<br>al otro lado puse una peina de concha.<br>Me busqu\u00e9 en el espejo dorado<br>de la cruel y loca imaginaci\u00f3n.<br>\u00a1Ay, Dios!<br>\u00bfQu\u00e9 ventolera solt\u00f3 la flor de mi pelo?<\/p>\n\n\n\n<p class=\"has-small-font-size\">\u2022\u2022\u2022 \u2022\u2022\u2022 \u2022\u2022\u2022<\/p>\n\n\n\n<div style=\"height:25px\" aria-hidden=\"true\" class=\"wp-block-spacer\"><\/div>\n\n\n\n<h5 id=\"wp-block-themeisle-blocks-advanced-heading-fd34c613\" class=\"wp-block-themeisle-blocks-advanced-heading wp-block-themeisle-blocks-advanced-heading-fd34c613\">A costa de tu vida y de la m\u00eda pasa el tiempo<\/h5>\n\n\n\n<p class=\"has-small-font-size\">\u00bfQui\u00e9n me dej\u00f3 perdida en el camino,<br>aqu\u00ed, a medio florecer de la conciencia?<br>\u00bfQui\u00e9n molde\u00f3 mi cuerpo con argila<br>y se sent\u00f3 buenamente a contemplarlo<br>y a ver c\u00f3mo coc\u00eda su blancura?<br>Busco en mi rosa de los vientos<br>la flor de lis que apunta al Norte.<\/p>\n\n\n\n<p class=\"has-small-font-size\">Vine a nacer donde no toca.<br>Y vine a descarnarme como el muerto animal<br>que al voraz buitre se ofrece.<br>Vine, como una Ofelia enamorada y loca<br>o como un bello Narciso vanidoso,<br>a ahogarme en las aguas de la vida.<\/p>\n\n\n\n<p class=\"has-small-font-size\">\u00a1Cu\u00e1ntas penas en mi cansado pecho<br>al pasar por el oto\u00f1o menos m\u00edo!<br>\u00a1Cu\u00e1nto silencio en tu frente de alabastro<br>al corte de cizalla que ha de abrirte paso!<\/p>\n\n\n\n<p class=\"has-small-font-size\">Mira tu reloj.<br>Has venido a nacer cuando no toca,<br>casi ya cubierto tu ser de rosas y claveles,<br>cuarteada tu joven piel por el viento helado,<br>herida tu carne por la afilada espada<br>que al cincho llevamos cada uno.<br>A costa de tu vida y de la m\u00eda pasa el tiempo.<\/p>\n\n\n\n<p class=\"has-small-font-size\">\u2022\u2022\u2022 \u2022\u2022\u2022 \u2022\u2022\u2022<\/p>\n\n\n\n<div style=\"height:25px\" aria-hidden=\"true\" class=\"wp-block-spacer\"><\/div>\n\n\n\n<h5 id=\"wp-block-themeisle-blocks-advanced-heading-6f7344d3\" class=\"wp-block-themeisle-blocks-advanced-heading wp-block-themeisle-blocks-advanced-heading-6f7344d3\">Champollion<\/h5>\n\n\n\n<p class=\"has-small-font-size\">\u00bfEran nubes o monta\u00f1as?<br>Eran nubes m\u00e1s all\u00e1 del firmamento,<br>un sembrado de nieve rosa.<br>Eran solamente nubes,<br>m\u00e1s claras donde se agitaba el viento.<br><\/p>\n\n\n\n<p class=\"has-small-font-size\">Querido Champollion:<br>Invento por ti un vocablo:<em> lugret<\/em>.<br>Y un nuevo nombre adopto yo: Eos,<br>nadie que pueda compararse<br>a quien dej\u00f3 que la noche no acabar\u00e1.<\/p>\n\n\n\n<p class=\"has-small-font-size\">T\u00fa no dejar\u00e1s de ser Champollion<br>(mi mejor amigo pese a todo).<br>S\u00ed, porque ocurre que me llamaste loca.<br>Y me nombraste, en cualquier idioma,<br>reina de todas las enloquecidas,<br>loca (valga esta redundancia po\u00e9tica).<br>No consciente eras de mi suerte.<br>\u00a1Qu\u00e9 trance! \u00a1Perverso tiempo!<\/p>\n\n\n\n<p class=\"has-small-font-size\">\u2022\u2022\u2022 \u2022\u2022\u2022 \u2022\u2022\u2022<\/p>\n\n\n\n<div style=\"height:25px\" aria-hidden=\"true\" class=\"wp-block-spacer\"><\/div>\n\n\n\n<h5 id=\"wp-block-themeisle-blocks-advanced-heading-318df3fc\" class=\"wp-block-themeisle-blocks-advanced-heading wp-block-themeisle-blocks-advanced-heading-318df3fc\">Hasta que pueda verte<\/h5>\n\n\n\n<p class=\"has-small-font-size\">Y yo persisto pese a todo\u2026<br>Y pese a todo, oscuras sombras<br>\u2014en la tarde en que te escribo\u2014<br>vienen como cuervos a buscarme.<br>S\u00f3lo el cad\u00e1ver ardiente de una rosa<br>puede entender mi sentimiento.<br>Ya no hay salvaci\u00f3n posible:<br>no hay m\u00e1s escalones que bajar.<br>Raven. Raven.<br>Estos cuervos no perdonan.<\/p>\n\n\n\n<p class=\"has-small-font-size\">\u2022\u2022\u2022 \u2022\u2022\u2022 \u2022\u2022\u2022<\/p>\n\n\n\n<div style=\"height:25px\" aria-hidden=\"true\" class=\"wp-block-spacer\"><\/div>\n\n\n\n<h5 id=\"wp-block-themeisle-blocks-advanced-heading-afd8fc2d\" class=\"wp-block-themeisle-blocks-advanced-heading wp-block-themeisle-blocks-advanced-heading-afd8fc2d\">Rosa rosae<\/h5>\n\n\n\n<p class=\"has-small-font-size\">Yo iba mirando los cerezos uno a uno.<br>Era mi consuelo contemplarlos,<br>la manera de no golpear mi alma.<br>Pero a las doce en punto del mediod\u00eda,<br>dos horas despu\u00e9s de iniciar mi paseo,<br>ya era Rosamunda: la princesa g\u00e9pida.<br>Blanco de C\u00e1rpatos y viento.<br>Rosa rosae, rosa rosae.<br>Bien pronto aborrec\u00ed a Rosamunda,<br>pues llegaron a m\u00ed atroces ecos del siglo VI.<br>\u00a1L\u00edbreme Dios!<\/p>\n\n\n\n<p class=\"has-small-font-size\">Me convert\u00ed en cerezo (familia Rosaceae).<br>Miles de p\u00e9talos ca\u00edan a mis pies<br>con su ef\u00edmero y liger\u00edsimo rosado.<br>Qued\u00e9 desvestida y sin perfume:<br>era invierno en la primavera de abril.<br>Quise ser entonces roja rosa en tu jard\u00edn,<br>para pinchar tus blancas manos<br>cuando acercaras el filo de tu espada.<br>Rosa rosae, rosa rosae.<br>\u00a1Pero c\u00f3mo dejar que el rojo sangre<br>salpicara tu dorada corona de laurel!<br>Esquivarte era mi consuelo,<br>la manera de no golpear mi alma.<\/p>\n\n\n\n<p class=\"has-small-font-size\">\u2022\u2022\u2022 \u2022\u2022\u2022 \u2022\u2022\u2022<\/p>\n\n\n\n<div style=\"height:25px\" aria-hidden=\"true\" class=\"wp-block-spacer\"><\/div>\n\n\n\n<h5 id=\"wp-block-themeisle-blocks-advanced-heading-abed3e7f\" class=\"wp-block-themeisle-blocks-advanced-heading wp-block-themeisle-blocks-advanced-heading-abed3e7f\">Las mentiras<\/h5>\n\n\n\n<p class=\"has-small-font-size\">Las mentiras forman parte de la vida.<br>Incluso t\u00fa, que traes hoy un pliego<br>de acusaciones contra m\u00ed, eres una mentira.<br>Tambi\u00e9n lo son mis vecinas,<br>que suben y bajan la escalera sin mirarme<br>porque se sienten avergonzadas<br>de no ser m\u00e1s que ac\u00e9rrimas vecinas.<\/p>\n\n\n\n<p class=\"has-small-font-size\">Ellas, las pobrecitas, no me conocen,<br>no saben de m\u00ed ni mi nombre.<br>Piensan que salgo por el Este,<br>como el astro Sol cuando amanece.<br>Pero si la Tierra est\u00e1 flotante<br>\u2014su velocidad orbital as\u00ed la mantiene\u2014<br>en cualquier punto del Universo\u2026<\/p>\n\n\n\n<p class=\"has-small-font-size\">\u2022\u2022\u2022 \u2022\u2022\u2022 \u2022\u2022\u2022<\/p>\n\n\n\n<div id=\"wp-block-themeisle-blocks-button-group-75cf72ae\" class=\"wp-block-themeisle-blocks-button-group wp-block-buttons align-right-desktop\">\n<div id=\"wp-block-themeisle-blocks-button-fe1fc1ba\" class=\"wp-block-themeisle-blocks-button wp-block-button\"><a href=\"https:\/\/irmina.art\/index.php\/versos-y-razones\/\" target=\"_self\" rel=\"noopener noreferrer\" class=\"wp-block-button__link\"><span><strong>Volver<\/strong><\/span><\/a><\/div>\n<\/div>\n","protected":false},"excerpt":{"rendered":"<p>Aspira a convertir el coraz\u00f3n en versos su infortunio.\u00bfAcaso no ser\u00e1 ese su \u00fanico consuelo?\u2022\u2022\u2022 \u2022\u2022\u2022 \u2022\u2022\u2022Dedico al alma estos versos fantasmales,pues m\u00e1s me ha de atraer lo eterno que lo finito.\u2022\u2022\u2022 \u2022\u2022\u2022 \u2022\u2022\u2022Un desapacible sentimiento me incita a fabular.\u00a1Benditos versos me inundan entonces! (En m\u00f3viles, usando la orientaci\u00f3n vertical, los versos pueden quedar fraccionados. [&hellip;]<\/p>\n","protected":false},"author":1,"featured_media":0,"parent":0,"menu_order":0,"comment_status":"closed","ping_status":"closed","template":"","meta":{"_themeisle_gutenberg_block_has_review":false,"footnotes":""},"class_list":["post-4503","page","type-page","status-publish","hentry"],"_links":{"self":[{"href":"https:\/\/irmina.art\/index.php\/wp-json\/wp\/v2\/pages\/4503","targetHints":{"allow":["GET"]}}],"collection":[{"href":"https:\/\/irmina.art\/index.php\/wp-json\/wp\/v2\/pages"}],"about":[{"href":"https:\/\/irmina.art\/index.php\/wp-json\/wp\/v2\/types\/page"}],"author":[{"embeddable":true,"href":"https:\/\/irmina.art\/index.php\/wp-json\/wp\/v2\/users\/1"}],"replies":[{"embeddable":true,"href":"https:\/\/irmina.art\/index.php\/wp-json\/wp\/v2\/comments?post=4503"}],"version-history":[{"count":8,"href":"https:\/\/irmina.art\/index.php\/wp-json\/wp\/v2\/pages\/4503\/revisions"}],"predecessor-version":[{"id":4577,"href":"https:\/\/irmina.art\/index.php\/wp-json\/wp\/v2\/pages\/4503\/revisions\/4577"}],"wp:attachment":[{"href":"https:\/\/irmina.art\/index.php\/wp-json\/wp\/v2\/media?parent=4503"}],"curies":[{"name":"wp","href":"https:\/\/api.w.org\/{rel}","templated":true}]}}