{"id":4499,"date":"2025-11-08T16:04:38","date_gmt":"2025-11-08T15:04:38","guid":{"rendered":"https:\/\/irmina.art\/?page_id=4499"},"modified":"2025-11-22T19:14:51","modified_gmt":"2025-11-22T18:14:51","slug":"en-ciernes-de-ser-yo","status":"publish","type":"page","link":"https:\/\/irmina.art\/index.php\/en-ciernes-de-ser-yo\/","title":{"rendered":"En ciernes de ser yo"},"content":{"rendered":"\n<div style=\"height:25px\" aria-hidden=\"true\" class=\"wp-block-spacer\"><\/div>\n\n\n\n<h4 id=\"wp-block-themeisle-blocks-advanced-heading-352660e1\" class=\"wp-block-themeisle-blocks-advanced-heading wp-block-themeisle-blocks-advanced-heading-352660e1\"><strong>Fragmentos<\/strong><\/h4>\n\n\n\n<div style=\"height:25px\" aria-hidden=\"true\" class=\"wp-block-spacer\"><\/div>\n\n\n\n<h5 id=\"wp-block-themeisle-blocks-advanced-heading-d6e15d21\" class=\"wp-block-themeisle-blocks-advanced-heading wp-block-themeisle-blocks-advanced-heading-d6e15d21\">Mi estrella<\/h5>\n\n\n\n<p class=\"has-small-font-size\">Gracias a la luz que del exterior le llegaba, el modesto y min\u00fasculo agujero se volv\u00eda tan brillante como una estrella.<\/p>\n\n\n\n<p class=\"has-small-font-size\">Mi estrella era un simple y diminuto agujero en la persiana de mi habitaci\u00f3n. Cuando el ferroso gris de la noche ondeaba sobre m\u00ed y sobre mi entorno, buscaba el agujero con el anhelo de una ni\u00f1a incr\u00e9dula y temerosa. Y si Morfeo pretend\u00eda arrastrarme tras de \u00e9l, apremi\u00e1ndome a cerrar los ojos para dejar a la vida transformarse en sue\u00f1o, me soltaba de su mano con violencia: era nuestro desaf\u00edo.<\/p>\n\n\n\n<p class=\"has-small-font-size\">\u2022\u2022\u2022 \u2022\u2022\u2022 \u2022\u2022\u2022<\/p>\n\n\n\n<div style=\"height:25px\" aria-hidden=\"true\" class=\"wp-block-spacer\"><\/div>\n\n\n\n<h5 id=\"wp-block-themeisle-blocks-advanced-heading-42fd26d7\" class=\"wp-block-themeisle-blocks-advanced-heading wp-block-themeisle-blocks-advanced-heading-42fd26d7\">El ojo de Dios<\/h5>\n\n\n\n<p class=\"has-small-font-size\">Debido a mi corta edad, el mundo me resultaba grande, demasiado grande. Y, parad\u00f3jicamente, tambi\u00e9n me parec\u00eda escaso, muy escaso. Me resultaba tan escaso como una hora de simple y llana emoci\u00f3n. Aun as\u00ed, le reconoc\u00eda al mundo un cierto esplendor. Pero era ese un esplendor que se dejaba velar por lo vulgar e intrascendente, de manera que ni un \u00e1pice de tal brillo ten\u00eda validez. Dir\u00eda que el mundo era un abstracto enemigo del que intentaba alejarme y del que quer\u00eda formar parte. Eso era algo bastante complicado.<\/p>\n\n\n\n<p class=\"has-small-font-size\">\u2022\u2022\u2022 \u2022\u2022\u2022 \u2022\u2022\u2022<\/p>\n\n\n\n<div style=\"height:25px\" aria-hidden=\"true\" class=\"wp-block-spacer\"><\/div>\n\n\n\n<h5 id=\"wp-block-themeisle-blocks-advanced-heading-5821dc71\" class=\"wp-block-themeisle-blocks-advanced-heading wp-block-themeisle-blocks-advanced-heading-5821dc71\">El coraz\u00f3n decreciente<\/h5>\n\n\n\n<p class=\"has-small-font-size\">Cre\u00eda en aquellos tiempos \u2014memorables d\u00edas de mi infancia\u2014 que mi coraz\u00f3n era el mejor lugar donde refugiarme. Para ello pens\u00e9 que tendr\u00eda que arquearme, recogerme, casi fundirme con ese mi propio coraz\u00f3n. Y as\u00ed hice. Con pena por aquello amado que me era m\u00e1s pr\u00f3ximo, entr\u00e9 en el coraz\u00f3n.<\/p>\n\n\n\n<p class=\"has-small-font-size\">Ya adentro, s\u00f3lo escuchaba mi latido: \u00fanico, acompasado, hermoso, leve, inocente; dir\u00eda que perfecto\u2026 Hab\u00eda dejado el \u00e1spero y prosaico mundo para sentirme a m\u00ed misma. Mi coraz\u00f3n y yo \u00e9ramos lo mismo.<\/p>\n\n\n\n<p class=\"has-small-font-size\">\u2022\u2022\u2022 \u2022\u2022\u2022 \u2022\u2022\u2022<\/p>\n\n\n\n<div style=\"height:25px\" aria-hidden=\"true\" class=\"wp-block-spacer\"><\/div>\n\n\n\n<h5 id=\"wp-block-themeisle-blocks-advanced-heading-04847a7c\" class=\"wp-block-themeisle-blocks-advanced-heading wp-block-themeisle-blocks-advanced-heading-04847a7c\">Cajitas sorpresivas<\/h5>\n\n\n\n<p class=\"has-small-font-size\">Que yo no fuera una ni\u00f1a tan peque\u00f1a como pueda suponer quien lea estas palabras no quiere decir que hubiera dejado de ser una ingenua e inocente criatura a quien todav\u00eda se colmaba de sanos principios, parabienes instructivos y divertidos juegos. Con tal especie de aseveraci\u00f3n, vengo a referirme al tiempo m\u00e1s beneficioso y expresivo de mi existencia. Un tiempo que se fue ampliando y reformando con mesura.<\/p>\n\n\n\n<p class=\"has-small-font-size\">\u2022\u2022\u2022 \u2022\u2022\u2022 \u2022\u2022\u2022<\/p>\n\n\n\n<div style=\"height:25px\" aria-hidden=\"true\" class=\"wp-block-spacer\"><\/div>\n\n\n\n<h5 id=\"wp-block-themeisle-blocks-advanced-heading-e5cb8990\" class=\"wp-block-themeisle-blocks-advanced-heading wp-block-themeisle-blocks-advanced-heading-e5cb8990\">Presentaci\u00f3n y estado<\/h5>\n\n\n\n<p class=\"has-small-font-size\">Mi nombre era Arlina Castro de \u00c1guilas. En este momento inexistente no tengo nombre ni edad. Descanso en un lugar espacioso, callado, apacible, desconocido por otros\u2026 Aunque no respiro, sigo implicada en mi existencia. La luz que me envuelve me permite saber lo que fui. Soy absolutamente libre. Soy feliz. Algunos seres me acompa\u00f1an. Yo los acompa\u00f1o a ellos.<\/p>\n\n\n\n<p class=\"has-small-font-size\">\u2022\u2022\u2022 \u2022\u2022\u2022 \u2022\u2022\u2022<\/p>\n\n\n\n<div id=\"wp-block-themeisle-blocks-button-group-75cf72ae\" class=\"wp-block-themeisle-blocks-button-group wp-block-buttons align-right-desktop\">\n<div id=\"wp-block-themeisle-blocks-button-fe1fc1ba\" class=\"wp-block-themeisle-blocks-button wp-block-button\"><a href=\"https:\/\/irmina.art\/index.php\/fabulo-y-otros-relatos\/\" target=\"_self\" rel=\"noopener noreferrer\" class=\"wp-block-button__link\"><span><strong>Volver<\/strong><\/span><\/a><\/div>\n<\/div>\n","protected":false},"excerpt":{"rendered":"<p>Gracias a la luz que del exterior le llegaba, el modesto y min\u00fasculo agujero se volv\u00eda tan brillante como una estrella. Mi estrella era un simple y diminuto agujero en la persiana de mi habitaci\u00f3n. Cuando el ferroso gris de la noche ondeaba sobre m\u00ed y sobre mi entorno, buscaba el agujero con el anhelo [&hellip;]<\/p>\n","protected":false},"author":1,"featured_media":0,"parent":0,"menu_order":0,"comment_status":"closed","ping_status":"closed","template":"","meta":{"_themeisle_gutenberg_block_has_review":false,"footnotes":""},"class_list":["post-4499","page","type-page","status-publish","hentry"],"_links":{"self":[{"href":"https:\/\/irmina.art\/index.php\/wp-json\/wp\/v2\/pages\/4499","targetHints":{"allow":["GET"]}}],"collection":[{"href":"https:\/\/irmina.art\/index.php\/wp-json\/wp\/v2\/pages"}],"about":[{"href":"https:\/\/irmina.art\/index.php\/wp-json\/wp\/v2\/types\/page"}],"author":[{"embeddable":true,"href":"https:\/\/irmina.art\/index.php\/wp-json\/wp\/v2\/users\/1"}],"replies":[{"embeddable":true,"href":"https:\/\/irmina.art\/index.php\/wp-json\/wp\/v2\/comments?post=4499"}],"version-history":[{"count":3,"href":"https:\/\/irmina.art\/index.php\/wp-json\/wp\/v2\/pages\/4499\/revisions"}],"predecessor-version":[{"id":4540,"href":"https:\/\/irmina.art\/index.php\/wp-json\/wp\/v2\/pages\/4499\/revisions\/4540"}],"wp:attachment":[{"href":"https:\/\/irmina.art\/index.php\/wp-json\/wp\/v2\/media?parent=4499"}],"curies":[{"name":"wp","href":"https:\/\/api.w.org\/{rel}","templated":true}]}}