{"id":4491,"date":"2025-11-08T15:52:49","date_gmt":"2025-11-08T14:52:49","guid":{"rendered":"https:\/\/irmina.art\/?page_id=4491"},"modified":"2025-11-22T19:13:09","modified_gmt":"2025-11-22T18:13:09","slug":"revelaciones","status":"publish","type":"page","link":"https:\/\/irmina.art\/index.php\/revelaciones\/","title":{"rendered":"Revelaciones"},"content":{"rendered":"\n<div style=\"height:25px\" aria-hidden=\"true\" class=\"wp-block-spacer\"><\/div>\n\n\n\n<h4 id=\"wp-block-themeisle-blocks-advanced-heading-352660e1\" class=\"wp-block-themeisle-blocks-advanced-heading wp-block-themeisle-blocks-advanced-heading-352660e1\"><strong>Fragmentos<\/strong><\/h4>\n\n\n\n<div style=\"height:25px\" aria-hidden=\"true\" class=\"wp-block-spacer\"><\/div>\n\n\n\n<h5 id=\"wp-block-themeisle-blocks-advanced-heading-251a80b0\" class=\"wp-block-themeisle-blocks-advanced-heading wp-block-themeisle-blocks-advanced-heading-251a80b0\">Carta a mi amiga<\/h5>\n\n\n\n<p class=\"has-small-font-size\">Mi admirada M:<br>He comprendido, al fin, que esa luz guiadora de la que me hablas en tus breves pero hermosas e instructivas misivas no ha de nacer sino del momento espiritual m\u00e1s l\u00facido y sereno. A ti debo la b\u00fasqueda de esas virtudes, quiz\u00e1 no celestiales, pero virtudes, que t\u00fa ya posees y que a m\u00ed tanto se me resisten: lucidez y serenidad.<\/p>\n\n\n\n<p class=\"has-small-font-size\">S\u00e9 de tus elucubraciones sobre qu\u00e9 ser\u00e1 m\u00e1s apropiado o m\u00e1s propicio para el ya cercano y final futuro, ese futuro tuyo y m\u00edo que nos condicionar\u00e1 tanto que no tendr\u00e1 ni recorrido en nuestras vidas, sino que se impondr\u00e1 con su repentino y fatal impacto. No hagamos planes.<\/p>\n\n\n\n<p class=\"has-small-font-size\">\u2022\u2022\u2022 \u2022\u2022\u2022 \u2022\u2022\u2022<\/p>\n\n\n\n<div style=\"height:25px\" aria-hidden=\"true\" class=\"wp-block-spacer\"><\/div>\n\n\n\n<h5 id=\"wp-block-themeisle-blocks-advanced-heading-5bfbd422\" class=\"wp-block-themeisle-blocks-advanced-heading wp-block-themeisle-blocks-advanced-heading-5bfbd422\">Rukiya y Salom\u00f3n<\/h5>\n\n\n\n<p class=\"has-small-font-size\">Rukiya conoce cada una de las flores que habitan y adornan el planeta Tierra. Es debido a su memoria prodigiosa. Pero, adem\u00e1s, Rukiya posee la facultad de la intuici\u00f3n; aunque ello no la aparta en absoluto de la l\u00f3gica, ya que el razonamiento y otros factores de la inteligencia alimentan el subconsciente. Ella misma, Rukiya, dice llamarse R\u00f3sula, por esa querencia suya a lo natural y puro.<\/p>\n\n\n\n<p class=\"has-small-font-size\">Durante un tiempo, el inmenso peso de la duda distrajo a Rukiya R\u00f3sula (la duda florece y prospera en las mentes m\u00e1s perfeccionistas, es inevitable). Rukiya R\u00f3sula se dedic\u00f3, entonces, a cultivar ex\u00f3ticos ejemplares de flor, como el loto indio (<em>Nelumbo nucifera<\/em>).<\/p>\n\n\n\n<p class=\"has-small-font-size\">\u2022\u2022\u2022 \u2022\u2022\u2022 \u2022\u2022\u2022<\/p>\n\n\n\n<div style=\"height:25px\" aria-hidden=\"true\" class=\"wp-block-spacer\"><\/div>\n\n\n\n<h5 id=\"wp-block-themeisle-blocks-advanced-heading-a137d50e\" class=\"wp-block-themeisle-blocks-advanced-heading wp-block-themeisle-blocks-advanced-heading-a137d50e\">Bit\u00e1cora<\/h5>\n\n\n\n<p class=\"has-small-font-size\">27 de enero de 20\u2026<\/p>\n\n\n\n<p class=\"has-small-font-size\">He comenzado la ma\u00f1ana con un firme prop\u00f3sito: dar fin a aquel problema que a\u00fan no he sido capaz de resolver a pesar de haberlo intentado en infinidad de ocasiones. Pero, bien por mi falta de voluntad o por un exceso de confianza en que la cuesti\u00f3n se solvente por s\u00ed misma, dudo que verdaderamente ese final tan esperado sea factible.<\/p>\n\n\n\n<p class=\"has-small-font-size\">El d\u00eda es fr\u00edo. Saldr\u00e1 el sol. Quisiera hibernar. \u00bfLlegar\u00e1 la primavera?<\/p>\n\n\n\n<p class=\"has-small-font-size\">\u2022\u2022\u2022 \u2022\u2022\u2022 \u2022\u2022\u2022<\/p>\n\n\n\n<div id=\"wp-block-themeisle-blocks-button-group-75cf72ae\" class=\"wp-block-themeisle-blocks-button-group wp-block-buttons align-right-desktop\">\n<div id=\"wp-block-themeisle-blocks-button-fe1fc1ba\" class=\"wp-block-themeisle-blocks-button wp-block-button\"><a href=\"https:\/\/irmina.art\/index.php\/fabulo-y-otros-relatos\/\" target=\"_self\" rel=\"noopener noreferrer\" class=\"wp-block-button__link\"><span><strong>Volver<\/strong><\/span><\/a><\/div>\n<\/div>\n","protected":false},"excerpt":{"rendered":"<p>Mi admirada M:He comprendido, al fin, que esa luz guiadora de la que me hablas en tus breves pero hermosas e instructivas misivas no ha de nacer sino del momento espiritual m\u00e1s l\u00facido y sereno. A ti debo la b\u00fasqueda de esas virtudes, quiz\u00e1 no celestiales, pero virtudes, que t\u00fa ya posees y que a [&hellip;]<\/p>\n","protected":false},"author":1,"featured_media":0,"parent":0,"menu_order":0,"comment_status":"closed","ping_status":"closed","template":"","meta":{"_themeisle_gutenberg_block_has_review":false,"footnotes":""},"class_list":["post-4491","page","type-page","status-publish","hentry"],"_links":{"self":[{"href":"https:\/\/irmina.art\/index.php\/wp-json\/wp\/v2\/pages\/4491","targetHints":{"allow":["GET"]}}],"collection":[{"href":"https:\/\/irmina.art\/index.php\/wp-json\/wp\/v2\/pages"}],"about":[{"href":"https:\/\/irmina.art\/index.php\/wp-json\/wp\/v2\/types\/page"}],"author":[{"embeddable":true,"href":"https:\/\/irmina.art\/index.php\/wp-json\/wp\/v2\/users\/1"}],"replies":[{"embeddable":true,"href":"https:\/\/irmina.art\/index.php\/wp-json\/wp\/v2\/comments?post=4491"}],"version-history":[{"count":3,"href":"https:\/\/irmina.art\/index.php\/wp-json\/wp\/v2\/pages\/4491\/revisions"}],"predecessor-version":[{"id":4539,"href":"https:\/\/irmina.art\/index.php\/wp-json\/wp\/v2\/pages\/4491\/revisions\/4539"}],"wp:attachment":[{"href":"https:\/\/irmina.art\/index.php\/wp-json\/wp\/v2\/media?parent=4491"}],"curies":[{"name":"wp","href":"https:\/\/api.w.org\/{rel}","templated":true}]}}