{"id":4485,"date":"2025-11-08T15:45:00","date_gmt":"2025-11-08T14:45:00","guid":{"rendered":"https:\/\/irmina.art\/?page_id=4485"},"modified":"2025-11-22T19:12:01","modified_gmt":"2025-11-22T18:12:01","slug":"confesion","status":"publish","type":"page","link":"https:\/\/irmina.art\/index.php\/confesion\/","title":{"rendered":"Confesi\u00f3n"},"content":{"rendered":"\n<div style=\"height:25px\" aria-hidden=\"true\" class=\"wp-block-spacer\"><\/div>\n\n\n\n<h4 id=\"wp-block-themeisle-blocks-advanced-heading-352660e1\" class=\"wp-block-themeisle-blocks-advanced-heading wp-block-themeisle-blocks-advanced-heading-352660e1\"><strong>Fragmento<\/strong><\/h4>\n\n\n\n<div style=\"height:25px\" aria-hidden=\"true\" class=\"wp-block-spacer\"><\/div>\n\n\n\n<p class=\"has-small-font-size\">\u00a1Qu\u00e9 s\u00e9 yo qu\u00e9 habr\u00e9 de decir o hacer cuando con voz tosca y tabernaria se dirija a m\u00ed el Penitente! S\u00ed, el rostro encendido, los ojos extraviados en un mirar nervioso, los labios en una persistente mueca que le har\u00e1 parecer tan alterado que sentir\u00e9 miedo de \u00e9l. Sobre el m\u00e1rmol veteado sus manos se agitar\u00e1n con burdos ademanes, puede que en un exagerado af\u00e1n por confiarme sus cuitas.<\/p>\n\n\n\n<p class=\"has-small-font-size\">\u00bfQu\u00e9 mejor lugar para expiar los pecados que la aparentemente fr\u00eda barra de un bar? \u00bfD\u00f3nde podr\u00eda enmendarse uno sino en una atm\u00f3sfera teatral y real al mismo tiempo?<\/p>\n\n\n\n<p class=\"has-small-font-size\">De tanto en tanto, el Penitente se ajustar\u00e1 las gruesas gafas con el dedo coraz\u00f3n de su mano izquierda. En ellas ver\u00e9 el argentado y m\u00e1gico reflejo de las l\u00e1mparas colgantes y el m\u00edo propio. El Penitente tomar\u00e1 una copa tras otra, y hablar\u00e1 y hablar\u00e1 de su repugnante vida. Sus aspavientos no dejar\u00e1n de inquietarme. Sentado en el alto taburete que hace de reclinatorio, me revelar\u00e1 de forma grotesca sus excesos, sus tentaciones y esas culpas obligatorias que hacen de la condici\u00f3n humana la mayor contradicci\u00f3n. \u00bfQu\u00e9 contestar\u00e9 a sus palabras? Esperar\u00e9 esa frase precisa y comprensible que me permita decir: \u00ab\u00a1Ha hecho usted muy bien! \u00a1S\u00ed se\u00f1or!\u00bb<\/p>\n\n\n\n<p class=\"has-small-font-size\">\u2022\u2022\u2022 \u2022\u2022\u2022 \u2022\u2022\u2022<\/p>\n\n\n\n<div id=\"wp-block-themeisle-blocks-button-group-75cf72ae\" class=\"wp-block-themeisle-blocks-button-group wp-block-buttons align-right-desktop\">\n<div id=\"wp-block-themeisle-blocks-button-fe1fc1ba\" class=\"wp-block-themeisle-blocks-button wp-block-button\"><a href=\"https:\/\/irmina.art\/index.php\/fabulo-y-otros-relatos\/\" target=\"_self\" rel=\"noopener noreferrer\" class=\"wp-block-button__link\"><span><strong>Volver<\/strong><\/span><\/a><\/div>\n<\/div>\n","protected":false},"excerpt":{"rendered":"<p>\u00a1Qu\u00e9 s\u00e9 yo qu\u00e9 habr\u00e9 de decir o hacer cuando con voz tosca y tabernaria se dirija a m\u00ed el Penitente! S\u00ed, el rostro encendido, los ojos extraviados en un mirar nervioso, los labios en una persistente mueca que le har\u00e1 parecer tan alterado que sentir\u00e9 miedo de \u00e9l. Sobre el m\u00e1rmol veteado sus manos [&hellip;]<\/p>\n","protected":false},"author":1,"featured_media":0,"parent":0,"menu_order":0,"comment_status":"closed","ping_status":"closed","template":"","meta":{"_themeisle_gutenberg_block_has_review":false,"footnotes":""},"class_list":["post-4485","page","type-page","status-publish","hentry"],"_links":{"self":[{"href":"https:\/\/irmina.art\/index.php\/wp-json\/wp\/v2\/pages\/4485","targetHints":{"allow":["GET"]}}],"collection":[{"href":"https:\/\/irmina.art\/index.php\/wp-json\/wp\/v2\/pages"}],"about":[{"href":"https:\/\/irmina.art\/index.php\/wp-json\/wp\/v2\/types\/page"}],"author":[{"embeddable":true,"href":"https:\/\/irmina.art\/index.php\/wp-json\/wp\/v2\/users\/1"}],"replies":[{"embeddable":true,"href":"https:\/\/irmina.art\/index.php\/wp-json\/wp\/v2\/comments?post=4485"}],"version-history":[{"count":3,"href":"https:\/\/irmina.art\/index.php\/wp-json\/wp\/v2\/pages\/4485\/revisions"}],"predecessor-version":[{"id":4538,"href":"https:\/\/irmina.art\/index.php\/wp-json\/wp\/v2\/pages\/4485\/revisions\/4538"}],"wp:attachment":[{"href":"https:\/\/irmina.art\/index.php\/wp-json\/wp\/v2\/media?parent=4485"}],"curies":[{"name":"wp","href":"https:\/\/api.w.org\/{rel}","templated":true}]}}