{"id":4466,"date":"2025-11-08T13:52:49","date_gmt":"2025-11-08T12:52:49","guid":{"rendered":"https:\/\/irmina.art\/?page_id=4466"},"modified":"2025-11-25T11:06:39","modified_gmt":"2025-11-25T10:06:39","slug":"cefiro-del-alba","status":"publish","type":"page","link":"https:\/\/irmina.art\/index.php\/cefiro-del-alba\/","title":{"rendered":"C\u00e9firo del alba"},"content":{"rendered":"\n<p class=\"has-text-align-center has-small-font-size\"><strong>Que la palabra me conduzca sin reserva,<br>desde el Oriente que levanta su cer\u00falea ma\u00f1ana<br>al Occidente donde su luz esparce el astro.<br>De lo juicioso y sabio a la futesa m\u00e1s inmensa.<br>De lo absurdamente cierto a la realidad imaginaria.<\/strong><\/p>\n\n\n\n<p class=\"has-text-align-center has-small-font-size\"><strong>Que en este trayecto de idas y venidas,<br>de huidas y regresos, sin m\u00e1s que la expresi\u00f3n,<br>el alma en el verso se acomode.<\/strong><\/p>\n\n\n\n<div style=\"height:25px\" aria-hidden=\"true\" class=\"wp-block-spacer\"><\/div>\n\n\n\n<h4 id=\"wp-block-themeisle-blocks-advanced-heading-352660e1\" class=\"wp-block-themeisle-blocks-advanced-heading wp-block-themeisle-blocks-advanced-heading-352660e1\"><strong>Fragmentos de algunos poemas<\/strong><\/h4>\n\n\n\n<p class=\"has-small-font-size\">(En m\u00f3viles, usando la orientaci\u00f3n vertical, los versos pueden quedar fraccionados. Por ello, es recomendable cambiar a la orientaci\u00f3n horizontal)<\/p>\n\n\n\n<div style=\"height:25px\" aria-hidden=\"true\" class=\"wp-block-spacer\"><\/div>\n\n\n\n<h5 id=\"wp-block-themeisle-blocks-advanced-heading-a9e42294\" class=\"wp-block-themeisle-blocks-advanced-heading wp-block-themeisle-blocks-advanced-heading-a9e42294\">DISCERNIMIENTO<\/h5>\n\n\n\n<p class=\"has-small-font-size\">Y estuve a verte.<br>Y por verte me supe sin sentido.<br>Y me huiste corriendo por los cuestos,<br>por los campos llenados de espesura,<br>por las tibias mares levantinas,<br>los alcores y los gritos de los vientos.<\/p>\n\n\n\n<p class=\"has-small-font-size\">Y me fui de m\u00ed, como se va la vida,<br>como la cordura se va. Y me fui de m\u00ed,<br>a escapar contigo, a saber de hechizos,<br>a trenzar los ramos de los murtos<br>y cruzar los polvos del camino.<\/p>\n\n\n\n<p class=\"has-small-font-size\">Pero qued\u00e9 en el techo de mi pensamiento,<br>como alt\u00edsimo p\u00e1jaro de piedra,<br>con los vuelos clavados en el aire<br>y los trinos afin\u00e1ndose en el pecho.<\/p>\n\n\n\n<p class=\"has-small-font-size\">Y se abrieron los ventanos de lo oscuro.<br>Y en tus ojos se brillaron los luceros.<br>Y tus pasos se anduvieron por las puentes<br>y se fueron m\u00e1s all\u00e1 de los olivos.<\/p>\n\n\n\n<p class=\"has-small-font-size\">Y non tornaste y non volviste de los claros<br>y los fr\u00edos. Y del p\u00e1lido desierto non tornaste<br>ni volviste. Non tornaste del c\u00e9firo de mayo<br>ni del vendaval ni de los \u00e1ureos trigos.<\/p>\n\n\n\n<p class=\"has-small-font-size\">\u2022\u2022\u2022 \u2022\u2022\u2022 \u2022\u2022\u2022<\/p>\n\n\n\n<div style=\"height:25px\" aria-hidden=\"true\" class=\"wp-block-spacer\"><\/div>\n\n\n\n<h5 id=\"wp-block-themeisle-blocks-advanced-heading-03c147a7\" class=\"wp-block-themeisle-blocks-advanced-heading wp-block-themeisle-blocks-advanced-heading-03c147a7\">LANCERO AL ALMA<\/h5>\n\n\n\n<p class=\"has-small-font-size\">Ninguna l\u00e1grima a llorarte, \u00a1ya no!<br>Ni corona a los cielos ofrecer para tenerte.<br>O, por ventura, un hechizo que viniera<br>de tu mano dejarlo mudar el sentimiento.<\/p>\n\n\n\n<p class=\"has-small-font-size\">\u00a1Ya no!, ninguna l\u00e1grima a llorarte.<br>Ninguna l\u00e1grima que empape el coraz\u00f3n<br>y lo confunda, sino que se me huya rauda,<br>en estampida, sin a\u00fan ser l\u00e1grima ninguna.<\/p>\n\n\n\n<p class=\"has-small-font-size\">\u2022\u2022\u2022 \u2022\u2022\u2022 \u2022\u2022\u2022<\/p>\n\n\n\n<div style=\"height:25px\" aria-hidden=\"true\" class=\"wp-block-spacer\"><\/div>\n\n\n\n<h5 id=\"wp-block-themeisle-blocks-advanced-heading-537d8c78\" class=\"wp-block-themeisle-blocks-advanced-heading wp-block-themeisle-blocks-advanced-heading-537d8c78\">ALDABA LLAMADORA<\/h5>\n\n\n\n<p class=\"has-small-font-size\">\u00a1Qu\u00e9 dir\u00e1 mi coraz\u00f3n cuando lo encuentres!<br>\u00a1Qu\u00e9 dir\u00e1 mi coraz\u00f3n,<br>este coraz\u00f3n que como alcazaba se amuralla,<br>que tras almajar de seda se oculta,<br>que en zafra de plata se encierra!<br>\u00a1Qu\u00e9 dir\u00e1 mi coraz\u00f3n cuando lo encuentres,<br>este coraz\u00f3n que me guardo en la alforja<br>y que me escondo en las ramblas!<br>\u00a1Qu\u00e9 dir\u00e1! \u00a1Qu\u00e9 dir\u00e1 mi coraz\u00f3n!<br>\u00a1Ay!, este coraz\u00f3n se acicala en los zocos<br>con su blanco de jazmines desbordados,<br>su encendid\u00edsimo rojo de ababoles<br>y su oscuro de duros azabaches.<br>\u00a1Qu\u00e9 majara sentimiento,<br>qu\u00e9 majareta sentir lo convierte en atabal,<br>en aldaba llamadora que golpea el pecho<br>en el siroco de la noche!<\/p>\n\n\n\n<p class=\"has-small-font-size\">\u2022\u2022\u2022 \u2022\u2022\u2022 \u2022\u2022\u2022<\/p>\n\n\n\n<div style=\"height:25px\" aria-hidden=\"true\" class=\"wp-block-spacer\"><\/div>\n\n\n\n<h5 id=\"wp-block-themeisle-blocks-advanced-heading-2071f94c\" class=\"wp-block-themeisle-blocks-advanced-heading wp-block-themeisle-blocks-advanced-heading-2071f94c\">LA ROCA EN EL CAMINO<\/h5>\n\n\n\n<p class=\"has-small-font-size\">Cruzaba yo hacia el poniente de la tarde.<br>Y mientras cruzaba y me escapaba,<br>cruda, fr\u00eda, desgarrada ve\u00eda la roca.<br>Yo la ve\u00eda. Y la miraba.<br>La miraba y la sent\u00eda sobre el alma.<br>Y unos ojos en ella me miraban,<br>me miraban a pesar de lo inerte de la piedra.<br>Y la vida fijaba sus puntos y sus bases.<br>Y se sujetaba. A m\u00ed se sujetaba.<br>A m\u00ed, la vida para permitirme nuevas vidas.<br>Y yo segu\u00eda cruzando, cruzando,<br>cruzando hacia el poniente de la tarde.<\/p>\n\n\n\n<p class=\"has-small-font-size\">\u2022\u2022\u2022 \u2022\u2022\u2022 \u2022\u2022\u2022<\/p>\n\n\n\n<p class=\"has-small-font-size\">\u00abAdi\u00f3s, piedra de agua como un r\u00edo\u00bb,<br>le dije a la roca de verdes marchitados,<br>de dulce mirar, de negro oscuro,<br>de anaranjados soles relumbrantes.<br>\u00abAdi\u00f3s, piedra de soldadas almas<br>que nacen en tus estr\u00edas onduladas,<br>en los surcos constantes de tus faldas,<br>en la sombreada cumbre de tu pelo.<br>Adi\u00f3s, pues ya no sentir\u00e9 en tus sienes<br>el latir del coraz\u00f3n m\u00e1s compasivo,<br>el latir de una piedra fr\u00eda, dura, agrietada\u00bb.<br>Y yo continuaba cruzando, cruzando,<br>cruzando hacia el poniente de la tarde.<\/p>\n\n\n\n<p class=\"has-small-font-size\">\u2022\u2022\u2022 \u2022\u2022\u2022 \u2022\u2022\u2022<\/p>\n\n\n\n<div style=\"height:25px\" aria-hidden=\"true\" class=\"wp-block-spacer\"><\/div>\n\n\n\n<h5 id=\"wp-block-themeisle-blocks-advanced-heading-8ae3ed2d\" class=\"wp-block-themeisle-blocks-advanced-heading wp-block-themeisle-blocks-advanced-heading-8ae3ed2d\">ALFOMBRAS A TU PASO<\/h5>\n\n\n\n<p class=\"has-small-font-size\">Alma, min\u00fascula velera, cierta velera de mi vida.<br>Velera, velera, en la tempestad doblemente m\u00eda.<br>Huidiza y deslumbrante como el rayo milagroso.<br>Rodela, rodela en el espejismo de la vida,<br>cubriendo mi pecho que de alondras se ha llenado.<br>Pero hoy se ha estrellado rabiosa y se ha <em>rompido<\/em>.<br>Y yo, inocente, he dicho:<br>\u00abAlfombras a tu paso y c\u00edtaras sonando\u00bb.<\/p>\n\n\n\n<p class=\"has-small-font-size\">\u2022\u2022\u2022 \u2022\u2022\u2022 \u2022\u2022\u2022<\/p>\n\n\n\n<div style=\"height:25px\" aria-hidden=\"true\" class=\"wp-block-spacer\"><\/div>\n\n\n\n<h5 id=\"wp-block-themeisle-blocks-advanced-heading-ab171dc1\" class=\"wp-block-themeisle-blocks-advanced-heading wp-block-themeisle-blocks-advanced-heading-ab171dc1\">C\u00c9FIRO DEL ALBA<\/h5>\n\n\n\n<p class=\"has-text-align-right has-small-font-size\">\u00abAlcen \u00e1ncoras, tiendan velas\u00bb<br>Romancero espa\u00f1ol<\/p>\n\n\n\n<p class=\"has-small-font-size\">Me dejar\u00e9 llevar por el c\u00e9firo del alba.<br>Y arribar\u00e9 a un vac\u00edo mundo<br>d\u00f3nde no pueda tu c\u00f3lera alcanzarme.<br>Desde el pi\u00e9lago dorado que guardar\u00e1<br>mi alma avistar\u00e9 las elevadas cumbres<br>y las playas de \u00f3nice inundadas.<br>Llegar\u00e9 en el crep\u00fasculo del tiempo,<br>cuando la luz en peque\u00f1as lunas se desgrane,<br>cuando el pasado lejano no recuerde.<br>Me dejar\u00e9 llevar por el c\u00e9firo del alba.<br>Y arribar\u00e9 a un vac\u00edo mundo<br>d\u00f3nde no pueda tu c\u00f3lera alcanzarme.<\/p>\n\n\n\n<p class=\"has-small-font-size\">\u2022\u2022\u2022 \u2022\u2022\u2022 \u2022\u2022\u2022<\/p>\n\n\n\n<div style=\"height:25px\" aria-hidden=\"true\" class=\"wp-block-spacer\"><\/div>\n\n\n\n<h5 id=\"wp-block-themeisle-blocks-advanced-heading-3058f75e\" class=\"wp-block-themeisle-blocks-advanced-heading wp-block-themeisle-blocks-advanced-heading-3058f75e\">UN PENSAMIENTO M\u00c1S QUE NADA<\/h5>\n\n\n\n<p class=\"has-small-font-size\">Mis viejas amigas \u2014viejas por antiguas\u2014<br>poseen el don de otras mujeres.<br>Yo he venido a desacreditarlas,<br>pues permitieron que mis opiniones<br>aparentaran sinrazones cuanto menos.<br>Llamaban ellas al orden de sus felic\u00edsimas,<br>f\u00e1ciles y est\u00e9riles condescendencias.<br>\u00abExc\u00e9ntrica intolerante\u00bb pensaban de m\u00ed,<br>dec\u00edan perdiendo toda tolerancia.<\/p>\n\n\n\n<p class=\"has-small-font-size\">\u2022\u2022\u2022 \u2022\u2022\u2022 \u2022\u2022\u2022<\/p>\n\n\n\n<div style=\"height:25px\" aria-hidden=\"true\" class=\"wp-block-spacer\"><\/div>\n\n\n\n<h5 id=\"wp-block-themeisle-blocks-advanced-heading-0d711edd\" class=\"wp-block-themeisle-blocks-advanced-heading wp-block-themeisle-blocks-advanced-heading-0d711edd\">CONFUSI\u00d3N<\/h5>\n\n\n\n<p class=\"has-small-font-size\">Vivo al arrullo de mis dioses.<br>Vivo\u2026<br>Y en mi alma verdadera me reflejo:<br>olvidanza de mis sue\u00f1os.<br>\u00bfConfusi\u00f3n?<br>Te aturdir\u00e9:<br>me echar\u00e1s de tu lado.<br>Me echar\u00e1s, como a un molesto insecto.<br>Me ir\u00e9 de tu lado\u2026<br>Me ir\u00e9\u2026<br>Midiendo, tanteando, ensayando vivo<br>cada uno de mis sue\u00f1os.<br>Vivo al arrullo de mis dioses.<br>Olvidanza\u2026<br>Sue\u00f1os\u2026<br>Reflejo de mi alma.<br>Basta con que un p\u00e1jaro trepe\u2026<br>\u00bfSer\u00e1 que vuela el lobo<br>y a\u00falla el gavil\u00e1n?<\/p>\n\n\n\n<div style=\"height:25px\" aria-hidden=\"true\" class=\"wp-block-spacer\"><\/div>\n\n\n\n<h5 id=\"wp-block-themeisle-blocks-advanced-heading-af76fe52\" class=\"wp-block-themeisle-blocks-advanced-heading wp-block-themeisle-blocks-advanced-heading-af76fe52\">POEMA PARA UNA DIABLA<\/h5>\n\n\n\n<p class=\"has-small-font-size\">Poema para una diabla piadosa<br>que parece una ind\u00f3cil obediente,<br>que colorida va de un blanco mudo<br>o de un oscuro del todo transparente.<br>Hacia Edemburga va, hacia Edemburga\u2026<\/p>\n\n\n\n<p class=\"has-small-font-size\">Poema para una diabla piadosa,<br>d\u00edscola de cualquier consigna,<br>contraria a la autenticidad de la mentira,<br>defensora de su falsedad certera.<br>Hacia Edemburga va, hacia Edemburga\u2026<\/p>\n\n\n\n<p class=\"has-small-font-size\">\u2022\u2022\u2022 \u2022\u2022\u2022 \u2022\u2022\u2022<\/p>\n\n\n\n<div style=\"height:25px\" aria-hidden=\"true\" class=\"wp-block-spacer\"><\/div>\n\n\n\n<h5 id=\"wp-block-themeisle-blocks-advanced-heading-550090c4\" class=\"wp-block-themeisle-blocks-advanced-heading wp-block-themeisle-blocks-advanced-heading-550090c4\">\u00a1CUERPO A TIERRA!<\/h5>\n\n\n\n<p class=\"has-small-font-size\">\u00bfPor qu\u00e9 la ira me sorprende en el camino?<br>\u00bfPor qu\u00e9 al pecho se me engancha<br>como un broche que va centelleando<br>y confundi\u00e9ndome los astros?<br>La soberbia me arrebata hasta el punto<br>de lanzarme cuesta abajo y alejarme de mi lado.<br>\u00bfPor qu\u00e9 este estallido de insolencia?<br>\u00a1V\u00e1yanse, v\u00e1yanse los pulcros versos!<br>\u00a1Jam\u00e1s se vaya el desbarato de mis huesos,<br>la sola y ardua cuesti\u00f3n que me desuela!<br>Es locura esta furia desatada,<br>\u00bfacaso extravagancia?<br>Vesania testaruda es,<br>nada que no cele el bicho venenoso.<\/p>\n\n\n\n<p class=\"has-small-font-size\">\u2022\u2022\u2022 \u2022\u2022\u2022 \u2022\u2022\u2022<\/p>\n\n\n\n<div style=\"height:25px\" aria-hidden=\"true\" class=\"wp-block-spacer\"><\/div>\n\n\n\n<h5 id=\"wp-block-themeisle-blocks-advanced-heading-a380732b\" class=\"wp-block-themeisle-blocks-advanced-heading wp-block-themeisle-blocks-advanced-heading-a380732b\">EN TUS OJOS<\/h5>\n\n\n\n<p class=\"has-small-font-size\">Anida un fiero p\u00e1jaro en tus ojos,<br>que agita sus alas sin descanso,<br>que hurga con su pico en mis pupilas,<br>que clava sus garras en el alma.<br>Acecha el negro p\u00e1jaro escondido,<br>el negro p\u00e1jaro anhelante.<br>Y esperando que te mire,<br>sin dejar que te contemple,<br>abre su pico hiriente<br>para m\u00e1s herirme todav\u00eda.<br>Anida un fiero p\u00e1jaro en tus ojos\u2026<\/p>\n\n\n\n<div style=\"height:25px\" aria-hidden=\"true\" class=\"wp-block-spacer\"><\/div>\n\n\n\n<h5 id=\"wp-block-themeisle-blocks-advanced-heading-4abde07a\" class=\"wp-block-themeisle-blocks-advanced-heading wp-block-themeisle-blocks-advanced-heading-4abde07a\">VIENTO<\/h5>\n\n\n\n<p class=\"has-small-font-size\">\u00a1Maldito soplar!<br>\u00a1Soplar delirante, inagotable, odioso!<br>Una r\u00e1faga consigue desviarme del camino,<br>entretenerme con su volar vehemente.<br>S\u00f3lo el silbo del viento:<br>su locura loca revolviendo mis ideas,<br>su locura desatando la calma que los dioses,<br>un d\u00eda, hasta aqu\u00ed trajeron.<\/p>\n\n\n\n<p class=\"has-small-font-size\">\u2022\u2022\u2022 \u2022\u2022\u2022 \u2022\u2022\u2022<\/p>\n\n\n\n<div style=\"height:25px\" aria-hidden=\"true\" class=\"wp-block-spacer\"><\/div>\n\n\n\n<h5 id=\"wp-block-themeisle-blocks-advanced-heading-f0c90f97\" class=\"wp-block-themeisle-blocks-advanced-heading wp-block-themeisle-blocks-advanced-heading-f0c90f97\">HELADA<\/h5>\n\n\n\n<p class=\"has-small-font-size\">En el cielo de ondulante y fr\u00edo metal<br>palpita el delgado sol de los inviernos.<br>Min\u00fasculos topacios se quiebran en mi frente.<br>Transparencia azul al borde de los ojos.<br>Al borde de los ojos el azul del fr\u00edo:<br>fr\u00edo de hielo y desafecto.<br>En el pecho, el mudo color y el \u00e1rtico sentir.<br>No estoy sola:<br>una imagen de piedra cristalina,<br>arrellanada al borde del camino, me acompa\u00f1a.<\/p>\n\n\n\n<p class=\"has-small-font-size\">\u2022\u2022\u2022 \u2022\u2022\u2022 \u2022\u2022\u2022<\/p>\n\n\n\n<div style=\"height:25px\" aria-hidden=\"true\" class=\"wp-block-spacer\"><\/div>\n\n\n\n<h5 id=\"wp-block-themeisle-blocks-advanced-heading-9cf01d9a\" class=\"wp-block-themeisle-blocks-advanced-heading wp-block-themeisle-blocks-advanced-heading-9cf01d9a\">A L\u00cdBERA<\/h5>\n\n\n\n<p class=\"has-small-font-size\">No tengas prisa en regresar, L\u00edbera, a tu prisi\u00f3n.<br>Es mudo el flotante aletear de la lechuza.<br>La bruma se esparce liviana a trav\u00e9s de tu cuerpo<br>y de cada cuerpo que a su paso encuentra.<br>Vacila ante tus ojos la llama que, pausadamente,<br>hasta desaparecer se ir\u00e1 extinguiendo.<br>No tengas prisa en regresar, L\u00edbera, a tu prisi\u00f3n.<br>S\u00e9 antes de las leves rosas, s\u00e9 de ellas.<br>Y s\u00e9 de las cenizas de un ocaso que nunca imaginaste.<br>Despierta, despierta, bella adorada sin dudas,<br>antes de que estalle el alma, antes de que estalle.<br>No tengas prisa en regresar, L\u00edbera, a tu prisi\u00f3n.<br>Despierta, despierta\u2026 Acaso \u00e9l nunca te encuentre.<br>Nunca el grito pavoroso o la riza de tan larga muerte.<br>Nunca el <em>ruber<\/em> de una aurora sobre el beso de tu boca.<\/p>\n\n\n\n<p class=\"has-small-font-size\">\u2022\u2022\u2022 \u2022\u2022\u2022 \u2022\u2022\u2022<\/p>\n\n\n\n<div style=\"height:25px\" aria-hidden=\"true\" class=\"wp-block-spacer\"><\/div>\n\n\n\n<h5 id=\"wp-block-themeisle-blocks-advanced-heading-88061891\" class=\"wp-block-themeisle-blocks-advanced-heading wp-block-themeisle-blocks-advanced-heading-88061891\">CARA DE CABALLO<\/h5>\n\n\n\n<p class=\"has-small-font-size\">\u00ab\u00a1Eh, Cara de caballo!\u00bb, grit\u00f3 alguien<br>desde cualquier vag\u00f3n de un tren en marcha.<br>La insultante voz se estir\u00f3 con fuerza\u2026<br>Y, resbalando, cay\u00f3 hasta el and\u00e9n<br>por donde un joven deambulaba.<br>Cara de caballo sinti\u00f3 un fr\u00edo contento<br>cuando se escuch\u00f3 nombrar de tal manera.<br>\u00a1Qu\u00e9 tristeza!<br>Albergu\u00e9 yo la ofensa en mi interior.<br>Nadie se detuvo.<\/p>\n\n\n\n<p class=\"has-small-font-size\">\u2022\u2022\u2022 \u2022\u2022\u2022 \u2022\u2022\u2022<\/p>\n\n\n\n<div style=\"height:25px\" aria-hidden=\"true\" class=\"wp-block-spacer\"><\/div>\n\n\n\n<h5 id=\"wp-block-themeisle-blocks-advanced-heading-2aa4f498\" class=\"wp-block-themeisle-blocks-advanced-heading wp-block-themeisle-blocks-advanced-heading-2aa4f498\">MI GATA<\/h5>\n\n\n\n<p class=\"has-small-font-size\">Derrumbada sobre el duro plano,<br>indefensa, muertecilla est\u00e1 mi gata.<br>Sin aliento alguno se me va escapando,<br>se me va escapando\u2026, mas conmigo,<br>por un instante, sigue. \u00ab\u00a1Missi!,<br>\u00a1Missi, Missi, mi animalillo loco,<br>mi vieja lanuda desatada!<br>\u00a1No te vayas!<br>\u00a1No te vayas, mi celosilla arisca!<br>Si pudiera darte la fuerza que te falta,<br>el aire que no encuentras,<br>mi querida felina acechadora\u00bb.<br>Pero mi gata se me muere.<br>Se muere con un sufrimiento gatuno y silencioso.<br>\u00ab\u00a1Vuelve, mi peque\u00f1a demoniaca!<br>\u00a1Vuelve, vuelve!<br>\u00a1No me dejes!\u00bb<\/p>\n\n\n\n<div style=\"height:25px\" aria-hidden=\"true\" class=\"wp-block-spacer\"><\/div>\n\n\n\n<h5 id=\"wp-block-themeisle-blocks-advanced-heading-d8fe7932\" class=\"wp-block-themeisle-blocks-advanced-heading wp-block-themeisle-blocks-advanced-heading-d8fe7932\">A LAS PUERTAS<\/h5>\n\n\n\n<p class=\"has-small-font-size\">Esta que soy, compasiva incorregible,<br>opuesta a todo, dificultosa por benigna,<br>de antiguo viene, de muy lejos, de muy lejos.<br>Viene de la tormenta, la ceniza y la niebla.<br>Con asimetr\u00eda perfecta y \u00e1nimo troncado<br>de antiguo viene, de muy lejos, de muy lejos,<br>de tan lejos que buscando va por d\u00f3nde se regresa.<\/p>\n\n\n\n<p class=\"has-small-font-size\">\u2022\u2022\u2022 \u2022\u2022\u2022 \u2022\u2022\u2022<\/p>\n\n\n\n<div style=\"height:25px\" aria-hidden=\"true\" class=\"wp-block-spacer\"><\/div>\n\n\n\n<h5 id=\"wp-block-themeisle-blocks-advanced-heading-65c94abe\" class=\"wp-block-themeisle-blocks-advanced-heading wp-block-themeisle-blocks-advanced-heading-65c94abe\">NO LLEGAR\u00c9 A EDEMBURGA<\/h5>\n\n\n\n<p class=\"has-small-font-size\">No llegar\u00e9, Sombra amada;<br>no llegar\u00e9 a Edemburga si no cede la noche,<br>si no cede a los muros que la encierran.<br>Si el infinito techo me obsequiara<br>con tan s\u00f3lo uno de sus amaneceres<br>\u2014como en un imaginar de criaturas\u2014,<br>me dar\u00eda por m\u00e1s que complacida.<br>Pero no llegar\u00e9 si no cede la noche,<br>si no cede a los muros que la encierran.<br>\u00a1Ceda la noche, demando, pido, solicito,<br>oh, a este excesivo adormecerse de lo vivo!<br>Soy presa del sombr\u00edo que se ha desatado<br>y que muy lejos de extinguirse<br>parece a\u00fan m\u00e1s agrandarse\u2026<br>\u00a1Qu\u00e9 desmesura! \u00a1Qu\u00e9 ceguedad!<br>\u00bfY en d\u00f3nde se ha recogido el astro<br>ese que Edemburga entera enciende,<br>ese que nunca dejaba de encontrarme<br>y de arrojar sobre m\u00ed sus llamaradas?<\/p>\n\n\n\n<p class=\"has-small-font-size\">\u2022\u2022\u2022 \u2022\u2022\u2022 \u2022\u2022\u2022<\/p>\n\n\n\n<p class=\"has-small-font-size\">Detr\u00e1s de los muros, madre,<br>me espera la dorada tierra de mi infancia.<br>Llegar\u00e9 a Edemburga, madre, llegar\u00e9.<br>Besar\u00e9 la tierra.<br>Y me lanzar\u00e9 a las aguas cogida de tu mano,<br>porque sin distancia no hay memoria.<br>Furioso es el paso que me lleva<br>al regazo donde dormida me despierte.<\/p>\n\n\n\n<p class=\"has-small-font-size\">\u2022\u2022\u2022 \u2022\u2022\u2022 \u2022\u2022\u2022<\/p>\n\n\n\n<p class=\"has-text-align-center has-small-font-size\">Un fucilazo revienta:<br>ya ceden los muros de la noche.<br>\u00bfSer\u00e1 que vuela el lobo<br>y a\u00falla el gavil\u00e1n?<br>Estrellas de bronce y lunas de alabastro al cuello llevo.<br>Al cuello el cendal de oro, cristal y viento.<br>Llegar a Edemburga, llegar.<\/p>\n\n\n\n<div style=\"height:25px\" aria-hidden=\"true\" class=\"wp-block-spacer\"><\/div>\n\n\n\n<div id=\"wp-block-themeisle-blocks-button-group-75cf72ae\" class=\"wp-block-themeisle-blocks-button-group wp-block-buttons align-right-desktop\">\n<div id=\"wp-block-themeisle-blocks-button-fe1fc1ba\" class=\"wp-block-themeisle-blocks-button wp-block-button\"><a href=\"https:\/\/irmina.art\/index.php\/basta-con-que-un-pajaro-trepe\/\" target=\"_self\" rel=\"noopener noreferrer\" class=\"wp-block-button__link\"><span><strong>Volver<\/strong><\/span><\/a><\/div>\n<\/div>\n","protected":false},"excerpt":{"rendered":"<p>Que la palabra me conduzca sin reserva,desde el Oriente que levanta su cer\u00falea ma\u00f1anaal Occidente donde su luz esparce el astro.De lo juicioso y sabio a la futesa m\u00e1s inmensa.De lo absurdamente cierto a la realidad imaginaria. Que en este trayecto de idas y venidas,de huidas y regresos, sin m\u00e1s que la expresi\u00f3n,el alma en [&hellip;]<\/p>\n","protected":false},"author":1,"featured_media":0,"parent":0,"menu_order":0,"comment_status":"closed","ping_status":"closed","template":"","meta":{"_themeisle_gutenberg_block_has_review":false,"footnotes":""},"class_list":["post-4466","page","type-page","status-publish","hentry"],"_links":{"self":[{"href":"https:\/\/irmina.art\/index.php\/wp-json\/wp\/v2\/pages\/4466","targetHints":{"allow":["GET"]}}],"collection":[{"href":"https:\/\/irmina.art\/index.php\/wp-json\/wp\/v2\/pages"}],"about":[{"href":"https:\/\/irmina.art\/index.php\/wp-json\/wp\/v2\/types\/page"}],"author":[{"embeddable":true,"href":"https:\/\/irmina.art\/index.php\/wp-json\/wp\/v2\/users\/1"}],"replies":[{"embeddable":true,"href":"https:\/\/irmina.art\/index.php\/wp-json\/wp\/v2\/comments?post=4466"}],"version-history":[{"count":5,"href":"https:\/\/irmina.art\/index.php\/wp-json\/wp\/v2\/pages\/4466\/revisions"}],"predecessor-version":[{"id":4585,"href":"https:\/\/irmina.art\/index.php\/wp-json\/wp\/v2\/pages\/4466\/revisions\/4585"}],"wp:attachment":[{"href":"https:\/\/irmina.art\/index.php\/wp-json\/wp\/v2\/media?parent=4466"}],"curies":[{"name":"wp","href":"https:\/\/api.w.org\/{rel}","templated":true}]}}