{"id":4447,"date":"2025-11-08T11:09:38","date_gmt":"2025-11-08T10:09:38","guid":{"rendered":"https:\/\/irmina.art\/?page_id=4447"},"modified":"2025-11-23T11:43:19","modified_gmt":"2025-11-23T10:43:19","slug":"la-flor-y-el-sentimiento","status":"publish","type":"page","link":"https:\/\/irmina.art\/index.php\/la-flor-y-el-sentimiento\/","title":{"rendered":"La flor y el sentimiento"},"content":{"rendered":"\n<p class=\"has-text-align-center has-small-font-size\"><strong>Amar m\u00e1s a la flor no podr\u00e9 que a la palabra,<br>pero en mis versos es part\u00edcula palpable,<br>perfumado, insistente, obstinado s\u00edmbolo.<br>Y entre tanta pasi\u00f3n, desventura, vida y muerte<br>es su ser quien me sugiere, quien la inspiraci\u00f3n provoca,<br>quien es motivo, pretexto, expresi\u00f3n y consecuencia.<\/strong><\/p>\n\n\n\n<div style=\"height:25px\" aria-hidden=\"true\" class=\"wp-block-spacer\"><\/div>\n\n\n\n<h4 id=\"wp-block-themeisle-blocks-advanced-heading-352660e1\" class=\"wp-block-themeisle-blocks-advanced-heading wp-block-themeisle-blocks-advanced-heading-352660e1\"><strong>Fragmentos de algunos poemas<\/strong><\/h4>\n\n\n\n<p class=\"has-small-font-size\">(En m\u00f3viles, usando la orientaci\u00f3n vertical, los versos pueden quedar fraccionados. Por ello, es recomendable cambiar a la orientaci\u00f3n horizontal)<\/p>\n\n\n\n<div style=\"height:25px\" aria-hidden=\"true\" class=\"wp-block-spacer\"><\/div>\n\n\n\n<h5 id=\"wp-block-themeisle-blocks-advanced-heading-733ed77b\" class=\"wp-block-themeisle-blocks-advanced-heading wp-block-themeisle-blocks-advanced-heading-733ed77b\">MI ROSA AMIGA<\/h5>\n\n\n\n<p class=\"has-small-font-size\">Rosa con rosas me agasaja,<br>ya que en s\u00ed sujeta la venganza:<br>la espina fatal de su atrayente esencia.<br>Pero no es la elegancia de su forma<br>sino una inevitable estratagema por,<br>al fin, verme al aislamiento postergada.<br>\u00a1Qu\u00e9 Rosa o rosa es esta<br>que hinca sin dudar su inevitable p\u00faa!<\/p>\n\n\n\n<p class=\"has-small-font-size\">\u2022\u2022\u2022 \u2022\u2022\u2022 \u2022\u2022\u2022<\/p>\n\n\n\n<div style=\"height:26px\" aria-hidden=\"true\" class=\"wp-block-spacer\"><\/div>\n\n\n\n<h5 id=\"wp-block-themeisle-blocks-advanced-heading-5c9e8085\" class=\"wp-block-themeisle-blocks-advanced-heading wp-block-themeisle-blocks-advanced-heading-5c9e8085\">CAMELIA<\/h5>\n\n\n\n<p class=\"has-small-font-size\">\u00bfNo es camelia tan hermosa<br>que porque no pretende serlo<br>a\u00fan m\u00e1s bella y singular parece?<br>Tan perfecta que temo da\u00f1arla;<br>tan gentil que desea complacerme;<br>tan cuidadosa que, en el pecho,<br>quiere ser el broche que sujete mi alegr\u00eda.<\/p>\n\n\n\n<p class=\"has-small-font-size\">\u2022\u2022\u2022 \u2022\u2022\u2022 \u2022\u2022\u2022<\/p>\n\n\n\n<div style=\"height:26px\" aria-hidden=\"true\" class=\"wp-block-spacer\"><\/div>\n\n\n\n<h5 id=\"wp-block-themeisle-blocks-advanced-heading-50e94c48\" class=\"wp-block-themeisle-blocks-advanced-heading wp-block-themeisle-blocks-advanced-heading-50e94c48\">CONDALIA<\/h5>\n\n\n\n<p class=\"has-small-font-size\">No te conozco, Condalia,<br>mas s\u00f3lo por tu nombre s\u00e9 que te quiero.<br>Sospecho, Condalia, que tu piel es cobriza y tibia,<br>o de un fresco ceniciento que no consigo imaginar.<br>Creo que tu cabello es tan oscuro y brillante<br>que acaso parezca un mirlo en extendido vuelo.<br>Sospecho que tus labios, de un rojizo afrutado, te pronuncian,<br>te dicen a ti toda y te preguntan que qui\u00e9n soy yo\u2026<\/p>\n\n\n\n<p class=\"has-small-font-size\">\u2022\u2022\u2022 \u2022\u2022\u2022 \u2022\u2022\u2022<\/p>\n\n\n\n<div style=\"height:26px\" aria-hidden=\"true\" class=\"wp-block-spacer\"><\/div>\n\n\n\n<h5 id=\"wp-block-themeisle-blocks-advanced-heading-d57450f2\" class=\"wp-block-themeisle-blocks-advanced-heading wp-block-themeisle-blocks-advanced-heading-d57450f2\">ECO Y NARCISO<\/h5>\n\n\n\n<p class=\"has-small-font-size\">Un bosque en reposada sombra,<br>una luz ligeramente imaginaria,<br>una flor de oro en mi pecho retenida.<br>Conmovida est\u00e1 mi alma<br>por la hermosura que desprende<br>una silueta que se acerca.<br>Es Narciso, que viene hasta mis brazos.<\/p>\n\n\n\n<p class=\"has-small-font-size\">\u2022\u2022\u2022 \u2022\u2022\u2022 \u2022\u2022\u2022<\/p>\n\n\n\n<p class=\"has-small-font-size\">En el agua, donde su imagen se detiene,<br>se sigue contemplando.<br>Pero el ser enamorado, muerto,<br>inexistente que all\u00ed habita lo repudia<br>con la insolencia de lo bello.<br>Pone una flor el cielo donde se puso el beso.<br>\u00a1Donde una flor se ponga, bello Narciso,<br>se ponga la hermosura eterna!<\/p>\n\n\n\n<p class=\"has-small-font-size\">\u2022\u2022\u2022 \u2022\u2022\u2022 \u2022\u2022\u2022<\/p>\n\n\n\n<div style=\"height:26px\" aria-hidden=\"true\" class=\"wp-block-spacer\"><\/div>\n\n\n\n<h5 id=\"wp-block-themeisle-blocks-advanced-heading-c10a729a\" class=\"wp-block-themeisle-blocks-advanced-heading wp-block-themeisle-blocks-advanced-heading-c10a729a\">OFELIA<\/h5>\n\n\n\n<p class=\"has-small-font-size\">Para recordar, romero.<br>Para los pesares, pensamientos.<br>Tantas Ofelias como flores fueron.<br>Tantas Ofelias como flores son.<br>Hinojo, aguile\u00f1as, hierba de la gracia<br>regala Ofelia entre realidades y demencias.<br>Una margarita entre sus manos.<br>Noche y viento al coraz\u00f3n.<br>\u00a1Al coraz\u00f3n!<br>Las violetas se han andado con los muertos.<br>\u00bfPara qu\u00e9 vivir?<br>\u00bfPor qu\u00e9 morir?<br>Donde crece el sauce oblicuo,<br>donde el inclinado sauce habita,<br>perfumadas guirnaldas hace Ofelia<br>con ran\u00fanculos, ortigas, margaritas y orqu\u00eddeas.<br>Mientras, la ausencia del ausente<br>\u2014Hermosa Majestad de Dinamarca\u2014<br>y todos sus divinos juramentos\u2026<br>\u00bfQui\u00e9n dijo amarla?<br>\u00bfQui\u00e9n?<br>Cantando, cantando Ofelia.<br>Cantando Ofelia. Y muriendo.<br>El amor de un d\u00eda y el quebranto<br>rondan por su mente deslucida y paseante.<br>Cantando, cantando Ofelia.<br>Cantando Ofelia. Y muriendo.<br>Muriendo en el cielo del agua calma:<br>calma, calma tal que el agua quieta.<br>Para dormir tanto pesar.<br>Para dormir tanto pensar.<br>\u00abFlores sobre la flor\u00bb.<br>\u00abFlores sobre la flor\u00bb.<br>Tantas Ofelias como flores fueron.<br>Tantas Ofelias como flores son.<\/p>\n\n\n\n<div style=\"height:26px\" aria-hidden=\"true\" class=\"wp-block-spacer\"><\/div>\n\n\n\n<h5 id=\"wp-block-themeisle-blocks-advanced-heading-f0045eef\" class=\"wp-block-themeisle-blocks-advanced-heading wp-block-themeisle-blocks-advanced-heading-f0045eef\">MI JARD\u00cdN DE LOS ENCANTOS<\/h5>\n\n\n\n<p class=\"has-small-font-size\">Bajo las s\u00f3foras, en brazos de Morfeo,<br>me parece el v\u00e9spero m\u00e1s bello.<br>Escarlata de ababoles en mi pecho.<br>Nieves del aire que he bebido,<br>arrancado a las blancas azucenas.<br>En mis venas, un sopor mort\u00edfero,<br>un murmullo de p\u00e9talos ardientes,<br>la fiebre turbadora: ausencia total.<\/p>\n\n\n\n<p class=\"has-small-font-size\">\u2022\u2022\u2022 \u2022\u2022\u2022 \u2022\u2022\u2022<\/p>\n\n\n\n<p class=\"has-small-font-size\">Donde el array\u00e1n sus leves corazones,<br>donde las sisellas su canto acunador,<br>sue\u00f1o, sue\u00f1o, sue\u00f1o\u2026<br>Y so\u00f1ando y hechizada y embriagada,<br>apenas s\u00ed me encuentro.<br>\u00a1No me encuentro!<\/p>\n\n\n\n<p class=\"has-small-font-size\">\u2022\u2022\u2022 \u2022\u2022\u2022 \u2022\u2022\u2022<\/p>\n\n\n\n<p class=\"has-small-font-size\">En mi Jard\u00edn de los Encantos<br>son los sue\u00f1os perfumados por los cidros.<br>Ya sue\u00f1a la flor de luna. Sue\u00f1a\u2026<br>Sue\u00f1a la enamorada de los muros<br>cuando el baladre mata sin conciencia<br>empujado por los vientos de poniente.<\/p>\n\n\n\n<p class=\"has-small-font-size\">\u2022\u2022\u2022 \u2022\u2022\u2022 \u2022\u2022\u2022<\/p>\n\n\n\n<p class=\"has-small-font-size\">Me he convertido en tormenta.<br>Sue\u00f1o que rega\u00f1o con el cosmos<br>\u2014los astros en adobo sumergidos,<br>los planetas apagados y humeantes\u2014.<br>En cada convulsi\u00f3n del vendaval,<br>que lanza rizomas y sarmientos,<br>crisantemos anastasia y panfletos,<br>me despierto. Volando me despierto.<\/p>\n\n\n\n<p class=\"has-small-font-size\">\u2022\u2022\u2022 \u2022\u2022\u2022 \u2022\u2022\u2022<\/p>\n\n\n\n<p class=\"has-small-font-size\">Ando sobre la nieve y el fuego<br>de cientos de miles de corolas.<br>Ando y sue\u00f1o. Y sue\u00f1o y ando,<br>pues no quiere el alma distraerse.<br>Pero no te hallo, Sombra amada,<br>no te encuentro, no me encuentro.<br>Me he perdido entre mis sue\u00f1os.<\/p>\n\n\n\n<p class=\"has-small-font-size\">\u2022\u2022\u2022 \u2022\u2022\u2022 \u2022\u2022\u2022<\/p>\n\n\n\n<p class=\"has-small-font-size\">Yo estoy arrumbada en un jerg\u00f3n de mejorana<br>\u2014harta qued\u00e9 del cinamomo que me acog\u00eda\u2014.<br>Veo la camomila explayarse a ambos lados del caminillo<br>algo rizado y estrecho, del caminillo nada oblongo,<br>del caminillo nada intenso que lleva a los Jardines de Versalles.<br>Me consta que desde all\u00ed hasta la regi\u00f3n de Pilbara<br>no hay m\u00e1s que diez cent\u00e9simas de un metro.<br>Pero no me interesa alejarme lo m\u00e1s m\u00ednimo,<br>pues no quisiera despertar de mi so\u00f1ar.<br>Ha intentado espabilarme el petirrojo.<\/p>\n\n\n\n<p class=\"has-small-font-size\">\u2022\u2022\u2022 \u2022\u2022\u2022 \u2022\u2022\u2022<\/p>\n\n\n\n<p class=\"has-small-font-size\">Mis flores son esmeraldas:<br>tienen la dureza cristalina.<br>Me alegro de haber conocido a Robinia.<br>Dice que yo entera soy una flor.<br>Cuando asomo mis manos por mi pelo,<br>s\u00e9 que no lo soy. S\u00e9 que no soy una flor.<br>Pero bajo la nubosidad de mi frente<br>cuelgan las flores rosadas y viol\u00e1ceas<br>del arbusto junto al que reposo.<br>Oh, mi Jard\u00edn de los Encantos.<br>Oh, mi Jard\u00edn Infinito.<\/p>\n\n\n\n<p class=\"has-small-font-size\">\u2022\u2022\u2022 \u2022\u2022\u2022 \u2022\u2022\u2022<\/p>\n\n\n\n<div style=\"height:26px\" aria-hidden=\"true\" class=\"wp-block-spacer\"><\/div>\n\n\n\n<h5 id=\"wp-block-themeisle-blocks-advanced-heading-ccf53b7b\" class=\"wp-block-themeisle-blocks-advanced-heading wp-block-themeisle-blocks-advanced-heading-ccf53b7b\">MARTILLITO DEL ALMA<\/h5>\n\n\n\n<p class=\"has-small-font-size\">Hoy he muerto.<br>Continuamente muero.<br>\u00bfPor qu\u00e9 es tan sencillo morir?<br>\u00bfPor qu\u00e9 de entre mis esquilmados yos<br>el m\u00e1s bello es aquel que muere?<br>\u00a1Clavelito rojo: martillito del alma<br>con que clavas tu alegr\u00eda!<\/p>\n\n\n\n<p class=\"has-small-font-size\">\u2022\u2022\u2022 \u2022\u2022\u2022 \u2022\u2022\u2022<\/p>\n\n\n\n<div style=\"height:26px\" aria-hidden=\"true\" class=\"wp-block-spacer\"><\/div>\n\n\n\n<h5 id=\"wp-block-themeisle-blocks-advanced-heading-1674cdd5\" class=\"wp-block-themeisle-blocks-advanced-heading wp-block-themeisle-blocks-advanced-heading-1674cdd5\">AS\u00cd QUE LA VIDA<\/h5>\n\n\n\n<p class=\"has-small-font-size\">As\u00ed que la vida comience a despedirse,<br>perfumar\u00e9 mi cuerpo con lavanda.<br>De palcos, lucernas y balaustres<br>descolgar\u00e9 ramas de mu\u00e9rdago y acebo.<br>Crisantemos en las estaciones todas.<br>Pr\u00edmulas nacientes cada d\u00eda.<br>Enredadas en mi pelo las petunias<br>aunque los cardos al alma se me agarren.<br>Sobre el descarnado de la muerte<br>dejar\u00e1 la rosa un rastro de belleza:<br>su acicalado de mujer pondr\u00e1<br>en mi devastado reino de mujer.<\/p>\n\n\n\n<p class=\"has-small-font-size\">\u2022\u2022\u2022 \u2022\u2022\u2022 \u2022\u2022\u2022<\/p>\n\n\n\n<div style=\"height:26px\" aria-hidden=\"true\" class=\"wp-block-spacer\"><\/div>\n\n\n\n<h5 id=\"wp-block-themeisle-blocks-advanced-heading-f8eceac1\" class=\"wp-block-themeisle-blocks-advanced-heading wp-block-themeisle-blocks-advanced-heading-f8eceac1\">EUR\u00cdDICE Y ORFEO<\/h5>\n\n\n\n<p class=\"has-small-font-size\">Me convoca Orfeo a un \u00edntimo encuentro,<br>pues soy yo la elegida de su coraz\u00f3n.<br>\u00abEur\u00eddice\u00bb, me solicita con ternura.<br>Entre las sombras y el fluir del viento<br>alcanzo a escuchar mi nombre,<br>que es canci\u00f3n en su garganta de poeta,<br>en su voz tersa y complaciente.<br>Hace sonar Orfeo su lira con esmero<br>\u2014el arqueado cuerpo entre los dedos\u2014,<br>acaso no pudiera ya ma\u00f1ana o nunca<br>serenar mi \u00e1nimo encendido.<br>\u00a1Qu\u00e9 prodigiosa es cada nota<br>en sus manos ta\u00f1edoras!<br>Basta la inspirada ejecuci\u00f3n<br>para, sencillamente, enamorarme.<\/p>\n\n\n\n<p class=\"has-small-font-size\">\u2022\u2022\u2022 \u2022\u2022\u2022 \u2022\u2022\u2022<\/p>\n\n\n\n<div id=\"wp-block-themeisle-blocks-button-group-289c3be4\" class=\"wp-block-themeisle-blocks-button-group wp-block-buttons align-right-desktop\">\n<div id=\"wp-block-themeisle-blocks-button-2a8fc776\" class=\"wp-block-themeisle-blocks-button wp-block-button\"><a href=\"https:\/\/irmina.art\/index.php\/basta-con-que-un-pajaro-trepe\/\" target=\"_self\" rel=\"noopener noreferrer\" class=\"wp-block-button__link\"><span><strong>Volver<\/strong><\/span><\/a><\/div>\n<\/div>\n","protected":false},"excerpt":{"rendered":"<p>Amar m\u00e1s a la flor no podr\u00e9 que a la palabra,pero en mis versos es part\u00edcula palpable,perfumado, insistente, obstinado s\u00edmbolo.Y entre tanta pasi\u00f3n, desventura, vida y muertees su ser quien me sugiere, quien la inspiraci\u00f3n provoca,quien es motivo, pretexto, expresi\u00f3n y consecuencia. (En m\u00f3viles, usando la orientaci\u00f3n vertical, los versos pueden quedar fraccionados. Por ello, [&hellip;]<\/p>\n","protected":false},"author":1,"featured_media":0,"parent":0,"menu_order":0,"comment_status":"closed","ping_status":"closed","template":"","meta":{"_themeisle_gutenberg_block_has_review":false,"footnotes":""},"class_list":["post-4447","page","type-page","status-publish","hentry"],"_links":{"self":[{"href":"https:\/\/irmina.art\/index.php\/wp-json\/wp\/v2\/pages\/4447","targetHints":{"allow":["GET"]}}],"collection":[{"href":"https:\/\/irmina.art\/index.php\/wp-json\/wp\/v2\/pages"}],"about":[{"href":"https:\/\/irmina.art\/index.php\/wp-json\/wp\/v2\/types\/page"}],"author":[{"embeddable":true,"href":"https:\/\/irmina.art\/index.php\/wp-json\/wp\/v2\/users\/1"}],"replies":[{"embeddable":true,"href":"https:\/\/irmina.art\/index.php\/wp-json\/wp\/v2\/comments?post=4447"}],"version-history":[{"count":6,"href":"https:\/\/irmina.art\/index.php\/wp-json\/wp\/v2\/pages\/4447\/revisions"}],"predecessor-version":[{"id":4567,"href":"https:\/\/irmina.art\/index.php\/wp-json\/wp\/v2\/pages\/4447\/revisions\/4567"}],"wp:attachment":[{"href":"https:\/\/irmina.art\/index.php\/wp-json\/wp\/v2\/media?parent=4447"}],"curies":[{"name":"wp","href":"https:\/\/api.w.org\/{rel}","templated":true}]}}