{"id":4436,"date":"2025-11-08T10:32:19","date_gmt":"2025-11-08T09:32:19","guid":{"rendered":"https:\/\/irmina.art\/?page_id=4436"},"modified":"2025-11-23T11:41:36","modified_gmt":"2025-11-23T10:41:36","slug":"siempre-el-tiempo","status":"publish","type":"page","link":"https:\/\/irmina.art\/index.php\/siempre-el-tiempo\/","title":{"rendered":"Siempre el tiempo"},"content":{"rendered":"\n<p class=\"has-text-align-center has-small-font-size\"><strong>Que su absoluto antes, su enga\u00f1oso acontecer<br>y su ma\u00f1ana inevitable en verbo se conviertan.<br>Que ese tiempo por mi voz sea proclamado.<br>\u00a1Oh, s\u00ed, cuanto m\u00e1s la letra se desborda,<br>m\u00e1s el tiempo a su infinitud se sujeta!<\/strong><\/p>\n\n\n\n<div style=\"height:25px\" aria-hidden=\"true\" class=\"wp-block-spacer\"><\/div>\n\n\n\n<h4 id=\"wp-block-themeisle-blocks-advanced-heading-352660e1\" class=\"wp-block-themeisle-blocks-advanced-heading wp-block-themeisle-blocks-advanced-heading-352660e1\"><strong>Fragmentos de algunos poemas<\/strong><\/h4>\n\n\n\n<p class=\"has-small-font-size\">(En m\u00f3viles, usando la orientaci\u00f3n vertical, los versos pueden quedar fraccionados. Por ello, es recomendable cambiar a la orientaci\u00f3n horizontal)<\/p>\n\n\n\n<div style=\"height:25px\" aria-hidden=\"true\" class=\"wp-block-spacer\"><\/div>\n\n\n\n<h5 id=\"wp-block-themeisle-blocks-advanced-heading-733ed77b\" class=\"wp-block-themeisle-blocks-advanced-heading wp-block-themeisle-blocks-advanced-heading-733ed77b\">LO QUE EN MIS MANOS NO SUJETO<\/h5>\n\n\n\n<p class=\"has-small-font-size\">\u00bfTiempo es lo que en mis manos no sujeto?<br>\u00bfEs el tiempo lo que en mis manos no sujeto?<br>El argente que instintivamente desciende,<br>h\u00famedo y lacrimoso, que me viene a sorprender<br>y que, al cabo, es luminoso y roto oro proyect\u00e1ndome<br>sus luces, dirigi\u00e9ndome sus luces cegadoras.<br>\u00bfO no?<br>\u00bfO no es tiempo lo que en mis manos no sujeto?<br>Tan extra\u00f1a aparici\u00f3n que se me muestra confusa,<br>quiz\u00e1 mil bestias \u2014mil\u2014 bufando en estampida,<br>quiz\u00e1 s\u00f3lo el empa\u00f1ado acuoso que se encrespa<br>y estalla con un tronar rabiosamente primitivo.<br>\u00bfO no?<br>\u00bfO no es tiempo lo que en mis manos no sujeto?<\/p>\n\n\n\n<p class=\"has-small-font-size\">\u2022\u2022\u2022 \u2022\u2022\u2022 \u2022\u2022\u2022<\/p>\n\n\n\n<p class=\"has-small-font-size\">\u00c9rase una vez un tiempo que era m\u00edo.<br>\u00c9rase que nunca supe que tiempo se llamaba<br>ese sorprendente ser enloquecido.<br>\u00bfTiempo es lo que en mis manos no sujeto?<br>\u00bfEs el tiempo lo que en mis manos no sujeto?<br>Fuego arrasador que en humo se convierte,<br>que deja de existir para ser algo inconsistente,<br>casi inexistente, casi imaginario, casi nada.<\/p>\n\n\n\n<p class=\"has-small-font-size\">\u2022\u2022\u2022 \u2022\u2022\u2022 \u2022\u2022\u2022<\/p>\n\n\n\n<p class=\"has-small-font-size\">El tiempo se estaba inventando.<br>Y en un hueco, vac\u00edo de todo cuerpo,<br>algo gravitaba, algo que no hab\u00eda,<br>\u00bfsiquiera lo impenetrable?<br>\u00bfNo hay tiempo sin espacio?<br>\u00a1No hay tiempo sin espacio!<\/p>\n\n\n\n<p class=\"has-small-font-size\">\u2022\u2022\u2022 \u2022\u2022\u2022 \u2022\u2022\u2022<\/p>\n\n\n\n<div style=\"height:25px\" aria-hidden=\"true\" class=\"wp-block-spacer\"><\/div>\n\n\n\n<h5 id=\"wp-block-themeisle-blocks-advanced-heading-7de37976\" class=\"wp-block-themeisle-blocks-advanced-heading wp-block-themeisle-blocks-advanced-heading-7de37976\">EL SUE\u00d1O ENCARCELADO<\/h5>\n\n\n\n<p class=\"has-small-font-size\">Es azul real la puerta a la que llamo.<br>Tras ella, viv\u00eds vosotros: mis hijos.<br>Mis poderosos a\u00f1os tambi\u00e9n viven all\u00ed,<br>tras esa puerta azul.<br>Abridme, amados. Abridme, abridme,<br>y pasar\u00e9 a aquella gran sala que iluminaba<br>el destello de mil rayos de bronce.<br>Abrid. Abrid, mis soles. Abridme, abridme.<br>Entrar\u00e9 despacio, buscando en vuestros<br>ojos de espejo el esplendor de la ma\u00f1ana.<br>Abridme, hijos. Abridme, amados.<\/p>\n\n\n\n<p class=\"has-small-font-size\">\u2022\u2022\u2022 \u2022\u2022\u2022 \u2022\u2022\u2022<\/p>\n\n\n\n<div style=\"height:26px\" aria-hidden=\"true\" class=\"wp-block-spacer\"><\/div>\n\n\n\n<h5 id=\"wp-block-themeisle-blocks-advanced-heading-93616d32\" class=\"wp-block-themeisle-blocks-advanced-heading wp-block-themeisle-blocks-advanced-heading-93616d32\">A ESCONDIDAS<\/h5>\n\n\n\n<p class=\"has-small-font-size\">Miento a escondidas.<br>Y a escondidas,<br>bajo una losa revestida de laureles,<br>planeo mi venganza.<br>Con una pulcritud extrema<br>me dejo llevar hasta la muerte.<br>Si no hubiese convertido la raz\u00f3n en sentimiento,<br>permitido que un sue\u00f1o se llevara el tiempo,<br>tanto me dar\u00eda\u2026<\/p>\n\n\n\n<p class=\"has-small-font-size\">\u2022\u2022\u2022 \u2022\u2022\u2022 \u2022\u2022\u2022<\/p>\n\n\n\n<div style=\"height:26px\" aria-hidden=\"true\" class=\"wp-block-spacer\"><\/div>\n\n\n\n<h5 id=\"wp-block-themeisle-blocks-advanced-heading-2e96c939\" class=\"wp-block-themeisle-blocks-advanced-heading wp-block-themeisle-blocks-advanced-heading-2e96c939\">DE TU CORAZ\u00d3N AL M\u00cdO<\/h5>\n\n\n\n<p class=\"has-small-font-size\">A un rinc\u00f3n de mi coraz\u00f3n<br>tu coraz\u00f3n sin darse tregua se me vino.<br>Del \u00e1tico verso a la estrofa repentina.<br>De enero a diciembre cada d\u00eda.<br>Siglo tras siglo, tras siglo, tras siglo.<br>Segundo a segundo. Latido a latido.<br>Cada instante cualquiera, cada uno.<br>Ning\u00fan momento ninguno, ninguno.<br>Desde la aurora hasta al ocaso<br>y del ocaso a la amanecida.<br>Siempre tu coraz\u00f3n quiso quedarse en el m\u00edo.<\/p>\n\n\n\n<p class=\"has-small-font-size\">\u2022\u2022\u2022 \u2022\u2022\u2022 \u2022\u2022\u2022<\/p>\n\n\n\n<div style=\"height:26px\" aria-hidden=\"true\" class=\"wp-block-spacer\"><\/div>\n\n\n\n<h5 id=\"wp-block-themeisle-blocks-advanced-heading-c2e8cf72\" class=\"wp-block-themeisle-blocks-advanced-heading wp-block-themeisle-blocks-advanced-heading-c2e8cf72\">AL CIERRE DE LOS TIEMPOS<\/h5>\n\n\n\n<p class=\"has-small-font-size\">Al cierre de los tiempos querr\u00e9 decirte,<br>querr\u00e9 ense\u00f1arte mi lado m\u00e1s humano.<br>Al cierre de los tiempos conocer\u00e1s mi coraz\u00f3n:<br>ese que tiende a controlarse in\u00fatilmente,<br>ese que se ausenta por contradictorio,<br>ese que por parad\u00f3jico y luciente se aventura,<br>ese al que sentencian por indisciplinado y raro.<br>Al cierre de los tiempos, harto, saciado,<br>r\u00e1bido por donde quiera estar\u00e1 el coraz\u00f3n.<\/p>\n\n\n\n<p class=\"has-small-font-size\">\u2022\u2022\u2022 \u2022\u2022\u2022 \u2022\u2022\u2022<\/p>\n\n\n\n<div style=\"height:26px\" aria-hidden=\"true\" class=\"wp-block-spacer\"><\/div>\n\n\n\n<h5 id=\"wp-block-themeisle-blocks-advanced-heading-24940670\" class=\"wp-block-themeisle-blocks-advanced-heading wp-block-themeisle-blocks-advanced-heading-24940670\">NO DEJAR\u00c9 DE SER<\/h5>\n\n\n\n<p class=\"has-small-font-size\">Una palabra, la m\u00e1s hermosa de entre todas,<br>habitar\u00e1 en el alma. Para ti ser\u00e1 como una rosa,<br>como el b\u00e1culo que procurar\u00e1 tu auxilio,<br>como el himno que cantar\u00e1 mi triunfo,<br>como corona de laurel sobre tu frente.<br>No dejar\u00e9 de ser. No dejar\u00e9 de estar.<br>Lo que hoy no es ser\u00e1 ma\u00f1ana.<br>Nunca la luz de tu estrella llegar\u00e1 a mi cielo:<br>la distancia m\u00e1s profunda es la del tiempo.<\/p>\n\n\n\n<p class=\"has-small-font-size\">\u2022\u2022\u2022 \u2022\u2022\u2022 \u2022\u2022\u2022<\/p>\n\n\n\n<div style=\"height:26px\" aria-hidden=\"true\" class=\"wp-block-spacer\"><\/div>\n\n\n\n<h5 id=\"wp-block-themeisle-blocks-advanced-heading-47213b28\" class=\"wp-block-themeisle-blocks-advanced-heading wp-block-themeisle-blocks-advanced-heading-47213b28\">PITIO<\/h5>\n\n\n\n<p class=\"has-small-font-size\">Cuando junte todas las palabras<br>y las reparta entre las silenciosas l\u00edneas<br>de un d\u00eda cualquiera \u2014de hace miles de a\u00f1os,<br>o de dentro de otros miles, o acaso<br>de este fiel segundo\u2014 con la m\u00e1s sugestiva,<br>oportuna e inspirada disposici\u00f3n,<br>y esas frases que construya no sean sino<br>el sentir del tiempo que me est\u00e1 aconteciendo,<br>el pensamiento de la alejada historia<br>o aquello ignorado que alguna vez ser\u00e1\u2026,<br>entonces, todo adquirir\u00e1 un sentido.<\/p>\n\n\n\n<p class=\"has-small-font-size\">\u2022\u2022\u2022 \u2022\u2022\u2022 \u2022\u2022\u2022<\/p>\n\n\n\n<div style=\"height:26px\" aria-hidden=\"true\" class=\"wp-block-spacer\"><\/div>\n\n\n\n<h5 id=\"wp-block-themeisle-blocks-advanced-heading-001cf5cd\" class=\"wp-block-themeisle-blocks-advanced-heading wp-block-themeisle-blocks-advanced-heading-001cf5cd\">\u00bfRECUERDAS?<\/h5>\n\n\n\n<p class=\"has-small-font-size\">\u00bfRecuerdas cuando me quer\u00edas?<br>\u00bfRecuerdas que el cielo no acababa,<br>pues todo cielo era? \u00bfRecuerdas el tronar<br>del coraz\u00f3n en el pecho estremecido?<\/p>\n\n\n\n<p class=\"has-small-font-size\">\u00bfRecuerdas la estrella en la ventana,<br>en cada pensamiento, en cada madrugada?<br>\u00bfY la luna elevando a cada cielo su blancura<br>de virgen pudorosa? \u00bfRecuerdas?<\/p>\n\n\n\n<p class=\"has-small-font-size\">\u2022\u2022\u2022 \u2022\u2022\u2022 \u2022\u2022\u2022<\/p>\n\n\n\n<div id=\"wp-block-themeisle-blocks-button-group-75cf72ae\" class=\"wp-block-themeisle-blocks-button-group wp-block-buttons align-right-desktop\">\n<div id=\"wp-block-themeisle-blocks-button-fe1fc1ba\" class=\"wp-block-themeisle-blocks-button wp-block-button\"><a href=\"https:\/\/irmina.art\/index.php\/basta-con-que-un-pajaro-trepe\/\" target=\"_self\" rel=\"noopener noreferrer\" class=\"wp-block-button__link\"><span><strong>Volver<\/strong><\/span><\/a><\/div>\n<\/div>\n","protected":false},"excerpt":{"rendered":"<p>Que su absoluto antes, su enga\u00f1oso acontecery su ma\u00f1ana inevitable en verbo se conviertan.Que ese tiempo por mi voz sea proclamado.\u00a1Oh, s\u00ed, cuanto m\u00e1s la letra se desborda,m\u00e1s el tiempo a su infinitud se sujeta! (En m\u00f3viles, usando la orientaci\u00f3n vertical, los versos pueden quedar fraccionados. Por ello, es recomendable cambiar a la orientaci\u00f3n horizontal) [&hellip;]<\/p>\n","protected":false},"author":1,"featured_media":0,"parent":0,"menu_order":0,"comment_status":"closed","ping_status":"closed","template":"","meta":{"_themeisle_gutenberg_block_has_review":false,"footnotes":""},"class_list":["post-4436","page","type-page","status-publish","hentry"],"_links":{"self":[{"href":"https:\/\/irmina.art\/index.php\/wp-json\/wp\/v2\/pages\/4436","targetHints":{"allow":["GET"]}}],"collection":[{"href":"https:\/\/irmina.art\/index.php\/wp-json\/wp\/v2\/pages"}],"about":[{"href":"https:\/\/irmina.art\/index.php\/wp-json\/wp\/v2\/types\/page"}],"author":[{"embeddable":true,"href":"https:\/\/irmina.art\/index.php\/wp-json\/wp\/v2\/users\/1"}],"replies":[{"embeddable":true,"href":"https:\/\/irmina.art\/index.php\/wp-json\/wp\/v2\/comments?post=4436"}],"version-history":[{"count":14,"href":"https:\/\/irmina.art\/index.php\/wp-json\/wp\/v2\/pages\/4436\/revisions"}],"predecessor-version":[{"id":4566,"href":"https:\/\/irmina.art\/index.php\/wp-json\/wp\/v2\/pages\/4436\/revisions\/4566"}],"wp:attachment":[{"href":"https:\/\/irmina.art\/index.php\/wp-json\/wp\/v2\/media?parent=4436"}],"curies":[{"name":"wp","href":"https:\/\/api.w.org\/{rel}","templated":true}]}}