{"id":4423,"date":"2025-11-07T13:39:00","date_gmt":"2025-11-07T12:39:00","guid":{"rendered":"https:\/\/irmina.art\/?page_id=4423"},"modified":"2025-11-24T10:11:09","modified_gmt":"2025-11-24T09:11:09","slug":"versos-y-razones","status":"publish","type":"page","link":"https:\/\/irmina.art\/index.php\/versos-y-razones\/","title":{"rendered":"Versos y razones"},"content":{"rendered":"\n<p><\/p>\n\n\n\n<div id=\"wp-block-themeisle-blocks-advanced-columns-35825447\" class=\"wp-block-themeisle-blocks-advanced-columns alignfull has-2-columns has-desktop-equal-layout has-tablet-equal-layout has-mobile-collapsedRows-layout has-vertical-center ticss-c00aadba\"><div class=\"wp-block-themeisle-blocks-advanced-columns-overlay\"><\/div><div class=\"innerblocks-wrap\">\n<div id=\"wp-block-themeisle-blocks-advanced-column-fedc9d47\" class=\"wp-block-themeisle-blocks-advanced-column\">\n<figure class=\"wp-block-image size-full\"><img data-opt-id=2060650698  fetchpriority=\"high\" decoding=\"async\" width=\"522\" height=\"800\" src=\"https:\/\/mlbydebia0am.i.optimole.com\/w:auto\/h:auto\/q:mauto\/f:best\/https:\/\/irmina.art\/wp-content\/uploads\/2025\/11\/Versos-y-razones-Portada.png\" alt=\"\" class=\"wp-image-4388\" srcset=\"https:\/\/mlbydebia0am.i.optimole.com\/w:522\/h:800\/q:mauto\/f:best\/https:\/\/irmina.art\/wp-content\/uploads\/2025\/11\/Versos-y-razones-Portada.png 522w, https:\/\/mlbydebia0am.i.optimole.com\/w:196\/h:300\/q:mauto\/f:best\/https:\/\/irmina.art\/wp-content\/uploads\/2025\/11\/Versos-y-razones-Portada.png 196w\" sizes=\"(max-width: 522px) 100vw, 522px\" \/><\/figure>\n\n\n\n<div style=\"height:10px\" aria-hidden=\"true\" class=\"wp-block-spacer\"><\/div>\n\n\n\n<p class=\"has-text-align-center\"><strong>Pincha en cada poemario para leer muestras de mis poemas:<\/strong><\/p>\n\n\n\n<p class=\"has-text-align-center\"><strong>\u2022 <a href=\"https:\/\/irmina.art\/index.php\/introversa\/\" data-type=\"page\" data-id=\"4503\">Introver<\/a><a href=\"https:\/\/irmina.art\/index.php\/introversa\/\" data-type=\"page\" data-id=\"4503\" target=\"_blank\" rel=\"noreferrer noopener\">sa.<\/a><br>\u2022 <a href=\"https:\/\/irmina.art\/index.php\/perversia\/\" data-type=\"page\" data-id=\"4506\">Perversia.<\/a><br>\u2022 <a href=\"https:\/\/irmina.art\/index.php\/seiscientos-versos-a-rabena-y-trece-cartas-mas\/\" data-type=\"page\" data-id=\"4509\">Seiscientos versos a R\u00e1bena y trece cartas m\u00e1s.<\/a><\/strong><\/p>\n<\/div>\n\n\n\n<div id=\"wp-block-themeisle-blocks-advanced-column-ed1b12ac\" class=\"wp-block-themeisle-blocks-advanced-column\">\n<p>Nuevamente ofrezco tres poemarios creados desde mi peculiar poes\u00eda que tildo de contemplativa, existencial e intimista; en ellos he derrochado imaginaci\u00f3n e ingenio.<\/p>\n\n\n\n<p>Es este mi tercer libro publicado, mi segundo de poes\u00eda. Es una creaci\u00f3n profundamente l\u00edrica, contestataria, reivindicativa y emotiva, en la que ensalzo la poes\u00eda y a poetisas y en la que, a su vez, denuesto actitudes y personas que se pueden tildar de mezquinas.<\/p>\n\n\n\n<p>En <strong>Intorversa<\/strong>, el primer poemario, estructuro mis poemas bajo tres tem\u00e1ticas: Fatalidades, Fantasmas y Fabulaciones.<\/p>\n\n\n\n<p><strong>Perversia<\/strong> es el segundo poemario en el que describo perversiones, entendiendo como tales ciertos vicios, ciertas maldades o ciertas depravaciones menores, incluso desadaptaciones de la moralidad establecida.<\/p>\n\n\n\n<p>En el tercer poemario presento una colecci\u00f3n de catorce cartas versadas. La m\u00e1s extensa es: <strong>Seiscientos versos a R\u00e1bena<\/strong>. R\u00e1bena es una persona rabiosa y su nombre deriva de rabia. R\u00e1bena no es buena conmigo e incluso destruye mis versos. Otras trece cartas m\u00e1s conforman este \u00faltimo poemario.<\/p>\n\n\n\n<div style=\"height:50px\" aria-hidden=\"true\" class=\"wp-block-spacer\"><\/div>\n\n\n\n<p class=\"has-text-align-center has-small-font-size\"><a href=\"https:\/\/www.amazon.es\/Versos-y-razones-Tres-poemarios\/dp\/B0G16247QC\/ref=sr_1_5?dib=eyJ2IjoiMSJ9.5gXykwNwZgIbfP_1OCzxMWelvt7MUA6I47SCBTS11qTGjHj071QN20LucGBJIEps.OsDrV6oqlH1G7qcjOAbDuMtb0yjoMOy9-aunIcGCz8Y&amp;dib_tag=se&amp;qid=1763973798&amp;refinements=p_27%3AIrmina+Serrano+Est%C3%A9vez&amp;s=books&amp;sr=1-5\" target=\"_blank\" rel=\"noreferrer noopener\">ISBN: 9798272379726<br>Dep\u00f3sito legal: V-4582-2025<br>Disponible en amazon.es<br>ASIN: B0G16247QC<\/a><\/p>\n\n\n\n<div style=\"height:10px\" aria-hidden=\"true\" class=\"wp-block-spacer\"><\/div>\n<\/div>\n<\/div><\/div>\n\n\n\n<div id=\"wp-block-themeisle-blocks-button-group-31519536\" class=\"wp-block-themeisle-blocks-button-group wp-block-buttons align-right-desktop\">\n<div id=\"wp-block-themeisle-blocks-button-e1965852\" class=\"wp-block-themeisle-blocks-button wp-block-button\"><a href=\"https:\/\/irmina.art\" target=\"_self\" rel=\"noopener noreferrer\" class=\"wp-block-button__link\"><span><strong>Ir al inicio<\/strong><\/span><\/a><\/div>\n<\/div>\n","protected":false},"excerpt":{"rendered":"","protected":false},"author":1,"featured_media":0,"parent":0,"menu_order":0,"comment_status":"closed","ping_status":"closed","template":"","meta":{"_themeisle_gutenberg_block_has_review":false,"footnotes":""},"class_list":["post-4423","page","type-page","status-publish","hentry"],"_links":{"self":[{"href":"https:\/\/irmina.art\/index.php\/wp-json\/wp\/v2\/pages\/4423","targetHints":{"allow":["GET"]}}],"collection":[{"href":"https:\/\/irmina.art\/index.php\/wp-json\/wp\/v2\/pages"}],"about":[{"href":"https:\/\/irmina.art\/index.php\/wp-json\/wp\/v2\/types\/page"}],"author":[{"embeddable":true,"href":"https:\/\/irmina.art\/index.php\/wp-json\/wp\/v2\/users\/1"}],"replies":[{"embeddable":true,"href":"https:\/\/irmina.art\/index.php\/wp-json\/wp\/v2\/comments?post=4423"}],"version-history":[{"count":12,"href":"https:\/\/irmina.art\/index.php\/wp-json\/wp\/v2\/pages\/4423\/revisions"}],"predecessor-version":[{"id":4582,"href":"https:\/\/irmina.art\/index.php\/wp-json\/wp\/v2\/pages\/4423\/revisions\/4582"}],"wp:attachment":[{"href":"https:\/\/irmina.art\/index.php\/wp-json\/wp\/v2\/media?parent=4423"}],"curies":[{"name":"wp","href":"https:\/\/api.w.org\/{rel}","templated":true}]}}