{"id":4418,"date":"2025-11-07T13:31:37","date_gmt":"2025-11-07T12:31:37","guid":{"rendered":"https:\/\/irmina.art\/?page_id=4418"},"modified":"2025-11-24T10:09:12","modified_gmt":"2025-11-24T09:09:12","slug":"fabulo-y-otros-relatos","status":"publish","type":"page","link":"https:\/\/irmina.art\/index.php\/fabulo-y-otros-relatos\/","title":{"rendered":"F\u00e1bulo y otros relatos"},"content":{"rendered":"\n<p><\/p>\n\n\n\n<div id=\"wp-block-themeisle-blocks-advanced-columns-35825447\" class=\"wp-block-themeisle-blocks-advanced-columns alignfull has-2-columns has-desktop-equal-layout has-tablet-equal-layout has-mobile-collapsedRows-layout has-vertical-center ticss-c00aadba\"><div class=\"wp-block-themeisle-blocks-advanced-columns-overlay\"><\/div><div class=\"innerblocks-wrap\">\n<div id=\"wp-block-themeisle-blocks-advanced-column-fedc9d47\" class=\"wp-block-themeisle-blocks-advanced-column\">\n<figure class=\"wp-block-image size-full\"><img data-opt-id=820570696  fetchpriority=\"high\" decoding=\"async\" width=\"522\" height=\"800\" src=\"https:\/\/mlbydebia0am.i.optimole.com\/w:auto\/h:auto\/q:mauto\/f:best\/https:\/\/irmina.art\/wp-content\/uploads\/2025\/11\/Fabulo-Portada.png\" alt=\"\" class=\"wp-image-4389\" srcset=\"https:\/\/mlbydebia0am.i.optimole.com\/w:522\/h:800\/q:mauto\/f:best\/https:\/\/irmina.art\/wp-content\/uploads\/2025\/11\/Fabulo-Portada.png 522w, https:\/\/mlbydebia0am.i.optimole.com\/w:196\/h:300\/q:mauto\/f:best\/https:\/\/irmina.art\/wp-content\/uploads\/2025\/11\/Fabulo-Portada.png 196w\" sizes=\"(max-width: 522px) 100vw, 522px\" \/><\/figure>\n\n\n\n<div style=\"height:10px\" aria-hidden=\"true\" class=\"wp-block-spacer\"><\/div>\n\n\n\n<p class=\"has-text-align-center\"><strong>Pincha en en siguientes enlaces para leer muestras:<\/strong><\/p>\n\n\n\n<p class=\"has-text-align-center\"><strong>\u2022 <a href=\"https:\/\/irmina.art\/index.php\/fabulo\/\" data-type=\"page\" data-id=\"4474\">F\u00e1bulo.<\/a><br>\u2022 <a href=\"https:\/\/irmina.art\/index.php\/sapere-aude\/\" data-type=\"page\" data-id=\"4477\">Sapere aude.<\/a><br>\u2022 <a href=\"https:\/\/irmina.art\/index.php\/confesion\/\" data-type=\"page\" data-id=\"4485\">Confesi\u00f3n.<\/a><\/strong><br><strong>\u2022 <a href=\"https:\/\/irmina.art\/index.php\/revelaciones\/\" data-type=\"page\" data-id=\"4491\">Revelaciones.<\/a><\/strong><br><strong>\u2022 <a href=\"https:\/\/irmina.art\/index.php\/en-ciernes-de-ser-yo\/\" data-type=\"page\" data-id=\"4499\">En ciernes de ser yo.<\/a><\/strong><\/p>\n<\/div>\n\n\n\n<div id=\"wp-block-themeisle-blocks-advanced-column-ed1b12ac\" class=\"wp-block-themeisle-blocks-advanced-column\">\n<p><em>\u201cA ese mar inacabable, que comprend\u00eda todos los oc\u00e9anos, mares y r\u00edos del mundo, yo lo llamaba F\u00e1bulo. Le di ese nombre cuando entend\u00ed que deb\u00eda distinguirlo con un apelativo que reflejara su grandiosidad y poder\u2026\u201d<\/em>, as\u00ed define nuestro protagonista Simon a F\u00e1bulo.<\/p>\n\n\n\n<p><strong>F\u00e1bulo<\/strong> es una novela corta en la que reflejo una trama de dependencia existencial entre Aleth y Simon. En palabras de Simon: <em>\u00abLa muerte de Aleth indica mi pronta e irremediable muerte\u00bb. \u00abLa existencia de Aleth es garant\u00eda de mi propia existencia\u00bb<\/em>.<\/p>\n\n\n\n<p>Novela psicol\u00f3gica en la que presento a Simon sufriendo, ocultando e impostando su conducta constantemente, padeciendo un serio trastorno obsesivo compulsivo en su rondar incesante a Aleth.<\/p>\n\n\n\n<p>Los otros relatos son:<br><br><strong>Sapere aude<\/strong>, en el que presento c\u00f3mo a la edad de 5 a\u00f1os el personaje toma su propia consciencia tras un suceso quiz\u00e1 esot\u00e9rico.<br><br><strong>Confesi\u00f3n<\/strong> nos lleva al interior de la mente del protagonista y sus pensamientos ante la aparici\u00f3n de un posible penitente.<br><br><strong>Revelaciones<\/strong> son tres peque\u00f1os relatos concernientes a mi vida.<br><br><strong>En ciernes de ser yo<\/strong> presento peque\u00f1os relatos que versan sobre la inocencia infantil.<\/p>\n\n\n\n<div style=\"height:50px\" aria-hidden=\"true\" class=\"wp-block-spacer\"><\/div>\n\n\n\n<p class=\"has-text-align-center has-small-font-size\"><a href=\"https:\/\/www.amazon.es\/F%C3%A1bulo-relatos-Irmina-Serrano-Est%C3%A9vez\/dp\/B0G1642FMP\/ref=sr_1_3?dib=eyJ2IjoiMSJ9.5gXykwNwZgIbfP_1OCzxMWelvt7MUA6I47SCBTS11qTGjHj071QN20LucGBJIEps.OsDrV6oqlH1G7qcjOAbDuMtb0yjoMOy9-aunIcGCz8Y&amp;dib_tag=se&amp;qid=1763973798&amp;refinements=p_27%3AIrmina+Serrano+Est%C3%A9vez&amp;s=books&amp;sr=1-3\" target=\"_blank\" rel=\"noreferrer noopener\">ISBN: 9798272014429<br>Dep\u00f3sito legal: V-4506-2025<br>Disponible en amazon.es<br>ASIN: B0G1642FMP<\/a><\/p>\n\n\n\n<div style=\"height:10px\" aria-hidden=\"true\" class=\"wp-block-spacer\"><\/div>\n<\/div>\n<\/div><\/div>\n\n\n\n<div id=\"wp-block-themeisle-blocks-button-group-31519536\" class=\"wp-block-themeisle-blocks-button-group wp-block-buttons align-right-desktop\">\n<div id=\"wp-block-themeisle-blocks-button-e1965852\" class=\"wp-block-themeisle-blocks-button wp-block-button\"><a href=\"https:\/\/irmina.art\" target=\"_self\" rel=\"noopener noreferrer\" class=\"wp-block-button__link\"><span><strong>Ir al inicio<\/strong><\/span><\/a><\/div>\n<\/div>\n","protected":false},"excerpt":{"rendered":"","protected":false},"author":1,"featured_media":0,"parent":0,"menu_order":0,"comment_status":"closed","ping_status":"closed","template":"","meta":{"_themeisle_gutenberg_block_has_review":false,"footnotes":""},"class_list":["post-4418","page","type-page","status-publish","hentry"],"_links":{"self":[{"href":"https:\/\/irmina.art\/index.php\/wp-json\/wp\/v2\/pages\/4418","targetHints":{"allow":["GET"]}}],"collection":[{"href":"https:\/\/irmina.art\/index.php\/wp-json\/wp\/v2\/pages"}],"about":[{"href":"https:\/\/irmina.art\/index.php\/wp-json\/wp\/v2\/types\/page"}],"author":[{"embeddable":true,"href":"https:\/\/irmina.art\/index.php\/wp-json\/wp\/v2\/users\/1"}],"replies":[{"embeddable":true,"href":"https:\/\/irmina.art\/index.php\/wp-json\/wp\/v2\/comments?post=4418"}],"version-history":[{"count":11,"href":"https:\/\/irmina.art\/index.php\/wp-json\/wp\/v2\/pages\/4418\/revisions"}],"predecessor-version":[{"id":4581,"href":"https:\/\/irmina.art\/index.php\/wp-json\/wp\/v2\/pages\/4418\/revisions\/4581"}],"wp:attachment":[{"href":"https:\/\/irmina.art\/index.php\/wp-json\/wp\/v2\/media?parent=4418"}],"curies":[{"name":"wp","href":"https:\/\/api.w.org\/{rel}","templated":true}]}}