{"id":4403,"date":"2025-11-07T11:06:05","date_gmt":"2025-11-07T10:06:05","guid":{"rendered":"https:\/\/irmina.art\/?page_id=4403"},"modified":"2025-11-24T10:07:31","modified_gmt":"2025-11-24T09:07:31","slug":"basta-con-que-un-pajaro-trepe","status":"publish","type":"page","link":"https:\/\/irmina.art\/index.php\/basta-con-que-un-pajaro-trepe\/","title":{"rendered":"Basta con que un p\u00e1jaro trepe"},"content":{"rendered":"\n<p><\/p>\n\n\n\n<div id=\"wp-block-themeisle-blocks-advanced-columns-35825447\" class=\"wp-block-themeisle-blocks-advanced-columns alignfull has-2-columns has-desktop-equal-layout has-tablet-equal-layout has-mobile-collapsedRows-layout has-vertical-center ticss-c00aadba\"><div class=\"wp-block-themeisle-blocks-advanced-columns-overlay\"><\/div><div class=\"innerblocks-wrap\">\n<div id=\"wp-block-themeisle-blocks-advanced-column-fedc9d47\" class=\"wp-block-themeisle-blocks-advanced-column\">\n<figure class=\"wp-block-image size-full\"><img data-opt-id=1677822582  fetchpriority=\"high\" decoding=\"async\" width=\"522\" height=\"800\" src=\"https:\/\/mlbydebia0am.i.optimole.com\/w:auto\/h:auto\/q:mauto\/f:best\/https:\/\/irmina.art\/wp-content\/uploads\/2025\/11\/Basta-con-que-un-pajaro-trepe-Portada.png\" alt=\"\" class=\"wp-image-4390\" srcset=\"https:\/\/mlbydebia0am.i.optimole.com\/w:522\/h:800\/q:mauto\/f:best\/https:\/\/irmina.art\/wp-content\/uploads\/2025\/11\/Basta-con-que-un-pajaro-trepe-Portada.png 522w, https:\/\/mlbydebia0am.i.optimole.com\/w:196\/h:300\/q:mauto\/f:best\/https:\/\/irmina.art\/wp-content\/uploads\/2025\/11\/Basta-con-que-un-pajaro-trepe-Portada.png 196w\" sizes=\"(max-width: 522px) 100vw, 522px\" \/><\/figure>\n\n\n\n<div style=\"height:10px\" aria-hidden=\"true\" class=\"wp-block-spacer\"><\/div>\n\n\n\n<p class=\"has-text-align-center\"><strong>Pincha en cada poemario para leer muestras de mis poemas:<\/strong><\/p>\n\n\n\n<p class=\"has-text-align-center\"><strong>\u2022 <a href=\"https:\/\/irmina.art\/index.php\/siempre-el-tiempo\/\" data-type=\"page\" data-id=\"4436\">Siempre el tiempo.<\/a><br>\u2022 <a href=\"https:\/\/irmina.art\/index.php\/la-flor-y-el-sentimiento\/\" data-type=\"page\" data-id=\"4447\">La flor y el sentimiento.<\/a><br>\u2022 <a href=\"https:\/\/irmina.art\/index.php\/cefiro-del-alba\/\" data-type=\"page\" data-id=\"4466\">C\u00e9firo del alba.<\/a><\/strong><\/p>\n<\/div>\n\n\n\n<div id=\"wp-block-themeisle-blocks-advanced-column-ed1b12ac\" class=\"wp-block-themeisle-blocks-advanced-column\">\n<p>Esta obra es profunda, intimista, filos\u00f3fica, cavilada, l\u00edrica y psicol\u00f3gica. Son poemas que nos obligan a reflexionar constantemente, que manifiestan un derroche de imaginaci\u00f3n exuberante, llev\u00e1ndonos cotidianamente a no distinguir entre lo que es real y lo que es enso\u00f1aci\u00f3n, entre lo que se anhela y lo cotidiano, entre la existencia y la nada. Su lenguaje es rico y culto, recurriendo a elaboradas im\u00e1genes y met\u00e1foras, es r\u00edtmico, directo, conciso y muy agradable.<\/p>\n\n\n\n<p>Los versos de este libro constantemente nos llevan a que nuestra mente se detenga y a que, adem\u00e1s de digerir qu\u00e9 os estoy mostrando, tengamos que hacer un introspecci\u00f3n de nuestros sentimientos, de c\u00f3mo somos, de nuestras creencias, de nuestra vida\u2026 porque en todos ellos subyace un precioso rescoldo emocional que trasmito al lector desde profundas reflexiones.<\/p>\n\n\n\n<p>El lector se encontrar\u00e1 de repente atrapado en dos planos, uno es el referente construido con lo escrito, el otro es aquel al que le transporta la imaginaci\u00f3n, la evocaci\u00f3n de lo que est\u00e1 leyendo, y eso s\u00e9 hacerlo y plasmarlo con facilidad, agilidad y elegancia.<\/p>\n\n\n\n<div style=\"height:50px\" aria-hidden=\"true\" class=\"wp-block-spacer\"><\/div>\n\n\n\n<p class=\"has-text-align-center has-small-font-size\"><a href=\"https:\/\/www.amazon.es\/Basta-que-p%C3%A1jaro-trepe-profunda\/dp\/B0G1683BMS\/ref=sr_1_1?__mk_es_ES=%C3%85M%C3%85%C5%BD%C3%95%C3%91&amp;crid=38DL3O49K7ICR&amp;dib=eyJ2IjoiMSJ9.l_wfQXzw-v2NLHiEVzQ_RQ.6AH82Vao7j-O4z-YwvZBbAAe8YeCsmQImEp05bgdV3k&amp;dib_tag=se&amp;keywords=basta+con+que+un+pajaro&amp;qid=1763973658&amp;sprefix=basta+con+que+un+pajaro%2Caps%2C80&amp;sr=8-1\" target=\"_blank\" rel=\"noreferrer noopener\">ISBN: 9798271932878<br>Dep\u00f3sito legal: V-4503-2025<br>Disponible en amazon.es<br>ASIN: B0G1683BMS<\/a><\/p>\n\n\n\n<div style=\"height:10px\" aria-hidden=\"true\" class=\"wp-block-spacer\"><\/div>\n<\/div>\n<\/div><\/div>\n\n\n\n<div id=\"wp-block-themeisle-blocks-button-group-31519536\" class=\"wp-block-themeisle-blocks-button-group wp-block-buttons align-right-desktop\">\n<div id=\"wp-block-themeisle-blocks-button-e1965852\" class=\"wp-block-themeisle-blocks-button wp-block-button\"><a href=\"https:\/\/irmina.art\" target=\"_self\" rel=\"noopener noreferrer\" class=\"wp-block-button__link\"><span><strong>Ir al inicio<\/strong><\/span><\/a><\/div>\n<\/div>\n\n\n\n<p><\/p>\n","protected":false},"excerpt":{"rendered":"","protected":false},"author":1,"featured_media":0,"parent":0,"menu_order":0,"comment_status":"closed","ping_status":"closed","template":"","meta":{"_themeisle_gutenberg_block_has_review":false,"footnotes":""},"class_list":["post-4403","page","type-page","status-publish","hentry"],"_links":{"self":[{"href":"https:\/\/irmina.art\/index.php\/wp-json\/wp\/v2\/pages\/4403","targetHints":{"allow":["GET"]}}],"collection":[{"href":"https:\/\/irmina.art\/index.php\/wp-json\/wp\/v2\/pages"}],"about":[{"href":"https:\/\/irmina.art\/index.php\/wp-json\/wp\/v2\/types\/page"}],"author":[{"embeddable":true,"href":"https:\/\/irmina.art\/index.php\/wp-json\/wp\/v2\/users\/1"}],"replies":[{"embeddable":true,"href":"https:\/\/irmina.art\/index.php\/wp-json\/wp\/v2\/comments?post=4403"}],"version-history":[{"count":20,"href":"https:\/\/irmina.art\/index.php\/wp-json\/wp\/v2\/pages\/4403\/revisions"}],"predecessor-version":[{"id":4586,"href":"https:\/\/irmina.art\/index.php\/wp-json\/wp\/v2\/pages\/4403\/revisions\/4586"}],"wp:attachment":[{"href":"https:\/\/irmina.art\/index.php\/wp-json\/wp\/v2\/media?parent=4403"}],"curies":[{"name":"wp","href":"https:\/\/api.w.org\/{rel}","templated":true}]}}