{"id":3466,"date":"2024-01-28T16:53:03","date_gmt":"2024-01-28T15:53:03","guid":{"rendered":"https:\/\/irmina.art\/?page_id=3466"},"modified":"2024-03-11T12:06:22","modified_gmt":"2024-03-11T11:06:22","slug":"y-sigue-en-el-pino","status":"publish","type":"page","link":"https:\/\/irmina.art\/index.php\/y-sigue-en-el-pino\/","title":{"rendered":"Y sigue en el pino"},"content":{"rendered":"\n<div class=\"wp-block-columns is-layout-flex wp-container-core-columns-is-layout-28f84493 wp-block-columns-is-layout-flex\">\n<div class=\"wp-block-column is-layout-flow wp-block-column-is-layout-flow\">\n<figure class=\"wp-block-image size-full\"><img data-opt-id=1053052720  fetchpriority=\"high\" decoding=\"async\" width=\"850\" height=\"567\" src=\"https:\/\/mlbydebia0am.i.optimole.com\/w:auto\/h:auto\/q:mauto\/f:best\/https:\/\/irmina.art\/wp-content\/uploads\/2024\/01\/Luna.png\" alt=\"\" class=\"wp-image-3499\" srcset=\"https:\/\/mlbydebia0am.i.optimole.com\/w:850\/h:567\/q:mauto\/f:best\/https:\/\/irmina.art\/wp-content\/uploads\/2024\/01\/Luna.png 850w, https:\/\/mlbydebia0am.i.optimole.com\/w:300\/h:200\/q:mauto\/f:best\/https:\/\/irmina.art\/wp-content\/uploads\/2024\/01\/Luna.png 300w, https:\/\/mlbydebia0am.i.optimole.com\/w:768\/h:512\/q:mauto\/f:best\/https:\/\/irmina.art\/wp-content\/uploads\/2024\/01\/Luna.png 768w\" sizes=\"(max-width: 850px) 100vw, 850px\" \/><\/figure>\n<\/div>\n<\/div>\n\n\n\n<p class=\"has-text-align-center\">\u00a1Las nueve ya han dado!,<br>\u00a1la noche ha ca\u00eddo!<br>\u00a1y sigue dormido<br>Efr\u00e9n en el pino!<\/p>\n\n\n\n<p class=\"has-text-align-center\">*****<\/p>\n\n\n\n<p class=\"has-text-align-center\">Los vientos lo peinan<br>con p\u00faas de \u00e9ter.<br>Y un b\u00faho le dice:<br>\u00ab\u00bfqui\u00e9n eres t\u00fa<br>que est\u00e1s tan campante<br>metido en el pino? \u00bb<\/p>\n\n\n\n<p class=\"has-text-align-center\">*****<\/p>\n\n\n\n<p class=\"has-text-align-center\">La luna se enciende.<br>El ni\u00f1o, en sus sue\u00f1os,<br>en ella se acuesta:<br>camita de perlas,<br>cunita de luz.<\/p>\n\n\n\n<p class=\"has-text-align-center\">*****<\/p>\n\n\n\n<p class=\"has-text-align-center\">\u00a1Ay!, que Efr\u00e9n se despierta,<br>que no est\u00e1 en la luna,<br>que sigue en el pino:<br>el pino divino,<br>el s\u00e9ptimo pino.<br>Comiendo pi\u00f1ones<br>ahora lo he visto.<\/p>\n\n\n\n<p class=\"has-text-align-center\">*****<\/p>\n\n\n\n<p class=\"has-text-align-center\">\u00bfNo tiene este ni\u00f1o<br>que hacer otra cosa<br>que estar en el pino?<br>\u00bfNo tiene deberes?<br>\u00bfNo tiene otro sitio<br>con tele y paredes?<br><br>\u00bfNo quiere pasteles<br>o darse una ducha<br>con agua caliente?<br>\u00bfNo quiere ir de compras?<br>*****<br>Y yo me pregunto:<br>\u00ab\u00bfSer\u00e1 que en el pino<br>el mundo es distinto?\u00bb<\/p>\n","protected":false},"excerpt":{"rendered":"<p>\u00a1Las nueve ya han dado!,\u00a1la noche ha ca\u00eddo!\u00a1y sigue dormidoEfr\u00e9n en el pino! ***** Los vientos lo peinancon p\u00faas de \u00e9ter.Y un b\u00faho le dice:\u00ab\u00bfqui\u00e9n eres t\u00faque est\u00e1s tan campantemetido en el pino? \u00bb ***** La luna se enciende.El ni\u00f1o, en sus sue\u00f1os,en ella se acuesta:camita de perlas,cunita de luz. ***** \u00a1Ay!, que Efr\u00e9n se [&hellip;]<\/p>\n","protected":false},"author":1,"featured_media":0,"parent":0,"menu_order":0,"comment_status":"closed","ping_status":"closed","template":"","meta":{"_themeisle_gutenberg_block_has_review":false,"footnotes":""},"class_list":["post-3466","page","type-page","status-publish","hentry"],"_links":{"self":[{"href":"https:\/\/irmina.art\/index.php\/wp-json\/wp\/v2\/pages\/3466","targetHints":{"allow":["GET"]}}],"collection":[{"href":"https:\/\/irmina.art\/index.php\/wp-json\/wp\/v2\/pages"}],"about":[{"href":"https:\/\/irmina.art\/index.php\/wp-json\/wp\/v2\/types\/page"}],"author":[{"embeddable":true,"href":"https:\/\/irmina.art\/index.php\/wp-json\/wp\/v2\/users\/1"}],"replies":[{"embeddable":true,"href":"https:\/\/irmina.art\/index.php\/wp-json\/wp\/v2\/comments?post=3466"}],"version-history":[{"count":4,"href":"https:\/\/irmina.art\/index.php\/wp-json\/wp\/v2\/pages\/3466\/revisions"}],"predecessor-version":[{"id":3573,"href":"https:\/\/irmina.art\/index.php\/wp-json\/wp\/v2\/pages\/3466\/revisions\/3573"}],"wp:attachment":[{"href":"https:\/\/irmina.art\/index.php\/wp-json\/wp\/v2\/media?parent=3466"}],"curies":[{"name":"wp","href":"https:\/\/api.w.org\/{rel}","templated":true}]}}