{"id":3461,"date":"2024-01-28T16:42:13","date_gmt":"2024-01-28T15:42:13","guid":{"rendered":"https:\/\/irmina.art\/?page_id=3461"},"modified":"2024-01-28T21:37:09","modified_gmt":"2024-01-28T20:37:09","slug":"matices","status":"publish","type":"page","link":"https:\/\/irmina.art\/index.php\/matices\/","title":{"rendered":"Matices"},"content":{"rendered":"\n<p class=\"has-text-align-center\">A merced del viento van las ocres hojas,<br>volando por los azulados cielos,<br>bajando de las verdes lomas,<br>rodando por dorados campos.<\/p>\n\n\n\n<p class=\"has-text-align-center\">*******<\/p>\n\n\n\n<p class=\"has-text-align-center\">Y entre las gris\u00e1ceas sombras<br>y los anaranjados frutos,<br>las oscuras astas de los \u00e1rboles<br>y un ave de plumaje pardo.<\/p>\n\n\n\n<p class=\"has-text-align-center\">*******<\/p>\n\n\n\n<p class=\"has-text-align-center\">Hay tres rosas de rosado tacto<br>y una avispa negra y amarilla.<br>Y en tu coraz\u00f3n hay rojas amapolas:<br>alegres, coloradas de tanto divertirse.<\/p>\n\n\n\n<p class=\"has-text-align-center\">*******<\/p>\n\n\n\n<p class=\"has-text-align-center\">Tiembla la flor de la lavanda<br>\u2014entre violeta y lila\u2014<br>bajo la lluvia transparente.<br>Y mientras, el pajizo trigo se revuelve<br>y tu casta\u00f1o pelo se desgre\u00f1a.<\/p>\n\n\n\n<p class=\"has-text-align-center\">*******<\/p>\n\n\n\n<p class=\"has-text-align-center\">La luna enciende su blancura inmensa<br>sobre los mares verdinegros.<br>Ya el \u00e1ureo sol se ha escurrido<br>por el horizonte umbroso.<\/p>\n\n\n\n<p class=\"has-text-align-center\">*******<\/p>\n\n\n\n<p class=\"has-text-align-center\">Su color y su matiz te ofrece todo.<br>El color de las palabras escuchamos.<br>Tambi\u00e9n de los sue\u00f1os, del silencio, del sentir,<br>del viento, de la m\u00fasica, del pensamiento\u2026<\/p>\n\n\n\n<div class=\"wp-block-buttons is-content-justification-right is-layout-flex wp-container-core-buttons-is-layout-d445cf74 wp-block-buttons-is-layout-flex\">\n<div class=\"wp-block-button\"><a class=\"wp-block-button__link wp-element-button\" href=\"https:\/\/irmina.art\/index.php\/y-sigue-en-el-pino\/\" style=\"border-radius:100px\">Y sigue en el pino<\/a><\/div>\n<\/div>\n","protected":false},"excerpt":{"rendered":"<p>A merced del viento van las ocres hojas,volando por los azulados cielos,bajando de las verdes lomas,rodando por dorados campos. ******* Y entre las gris\u00e1ceas sombrasy los anaranjados frutos,las oscuras astas de los \u00e1rbolesy un ave de plumaje pardo. ******* Hay tres rosas de rosado tactoy una avispa negra y amarilla.Y en tu coraz\u00f3n hay rojas [&hellip;]<\/p>\n","protected":false},"author":1,"featured_media":0,"parent":0,"menu_order":0,"comment_status":"closed","ping_status":"closed","template":"","meta":{"_themeisle_gutenberg_block_has_review":false,"footnotes":""},"class_list":["post-3461","page","type-page","status-publish","hentry"],"_links":{"self":[{"href":"https:\/\/irmina.art\/index.php\/wp-json\/wp\/v2\/pages\/3461","targetHints":{"allow":["GET"]}}],"collection":[{"href":"https:\/\/irmina.art\/index.php\/wp-json\/wp\/v2\/pages"}],"about":[{"href":"https:\/\/irmina.art\/index.php\/wp-json\/wp\/v2\/types\/page"}],"author":[{"embeddable":true,"href":"https:\/\/irmina.art\/index.php\/wp-json\/wp\/v2\/users\/1"}],"replies":[{"embeddable":true,"href":"https:\/\/irmina.art\/index.php\/wp-json\/wp\/v2\/comments?post=3461"}],"version-history":[{"count":3,"href":"https:\/\/irmina.art\/index.php\/wp-json\/wp\/v2\/pages\/3461\/revisions"}],"predecessor-version":[{"id":3515,"href":"https:\/\/irmina.art\/index.php\/wp-json\/wp\/v2\/pages\/3461\/revisions\/3515"}],"wp:attachment":[{"href":"https:\/\/irmina.art\/index.php\/wp-json\/wp\/v2\/media?parent=3461"}],"curies":[{"name":"wp","href":"https:\/\/api.w.org\/{rel}","templated":true}]}}