{"id":3456,"date":"2024-01-28T16:37:34","date_gmt":"2024-01-28T15:37:34","guid":{"rendered":"https:\/\/irmina.art\/?page_id=3456"},"modified":"2024-01-30T15:27:55","modified_gmt":"2024-01-30T14:27:55","slug":"semana","status":"publish","type":"page","link":"https:\/\/irmina.art\/index.php\/semana\/","title":{"rendered":"Semana"},"content":{"rendered":"\n<p class=\"has-text-align-center\">-Lunes-<br>Est\u00e1 la luna empa\u00f1ada.<br>Empiezo semana.<br>Me visto deprisa,<br>me lavo los dientes,<br>cojo la cartera.<br>Rodando, rodando<br>el viento me lleva.<br>Una nube rubia<br>se ha puesto en mi pelo.<br>Ya estoy sentada a mi mesa.<\/p>\n\n\n\n<p class=\"has-text-align-center\">-Martes-<br>En Marte es fiesta.<br>A m\u00ed en el colegio<br>las \u201cmates\u201d me ense\u00f1an.<br>La tabla del cuatro<br>por fin me la aprendo.<br>La tabla del siete<br>se ha puesto imposible.<br>Siete por tres, veintiuna.<br>Siete por cuatro, veinticuatro\u2026<\/p>\n\n\n\n<p class=\"has-text-align-center\">-Mi\u00e9rcoles-<br>En el planeta Mercurio<br>los ni\u00f1os, \u00a1qu\u00e9 suerte!,<br>no tienen escuela.<br>Prefiero quedarme<br>cantando en La Tierra.<br>Y salto hasta el techo<br>a ver si consigo<br>que suelo se vuelva.<\/p>\n\n\n\n<p class=\"has-text-align-center\">-Jueves-<br>J\u00fapiter en lo alto brilla.<br>Sumo las estrellas,<br>resto los guisantes<br>que hay en mi plato.<br>La pera est\u00e1 verde.<br>La fresa es el coraz\u00f3n<br>de la primavera.<br>\u00a1Qu\u00e9 bueno est\u00e1 todo!<br>Recojo mis trastos<br>y leo una f\u00e1bula entera<br>para ir a dormir.<\/p>\n\n\n\n<p class=\"has-text-align-center\">-Viernes-<br>En Venus no nieva.<br>Yo me levanto temprano:<br>el \u201ccole\u201d me espera.<br>El \u00faltimo d\u00eda<br>de ir a estudiar.<br>Me queda un problema,<br>la frase de lengua<br>y la pregunta de ingl\u00e9s:<br>What\u00b4s your name?<\/p>\n\n\n\n<p class=\"has-text-align-center\">-S\u00e1bado-<br>Saturno es perfecto<br>para ir de merienda.<br>Yo cuento las sombras<br>que cruzan la calle:<br>son trozos de un sue\u00f1o,<br>son cachos de suelo,<br>son bosques de piedra<br>que van y vienen,<br>que vienen y van.<\/p>\n\n\n\n<p class=\"has-text-align-center\">-Domingo-<br>En la ventana<br>el sol se descuelga.<br>Hoy no madrugo.<br>Hoy duermo la siesta.<br>\u00a1El parque est\u00e1 lleno<br>de p\u00e1lidas rosas!<br>La brisa azulea<br>mi cara y mi pelo.<br>\u00a1Y cientos de besos<br>estallan y vuelan<br>y saltan los cercos<br>de mi coraz\u00f3n!<\/p>\n\n\n\n<div class=\"wp-block-buttons is-content-justification-right is-layout-flex wp-container-core-buttons-is-layout-d445cf74 wp-block-buttons-is-layout-flex\">\n<div class=\"wp-block-button\"><a class=\"wp-block-button__link wp-element-button\" href=\"https:\/\/irmina.art\/index.php\/matices\/\" style=\"border-radius:100px\">Matices<\/a><\/div>\n<\/div>\n","protected":false},"excerpt":{"rendered":"<p>-Lunes-Est\u00e1 la luna empa\u00f1ada.Empiezo semana.Me visto deprisa,me lavo los dientes,cojo la cartera.Rodando, rodandoel viento me lleva.Una nube rubiase ha puesto en mi pelo.Ya estoy sentada a mi mesa. -Martes-En Marte es fiesta.A m\u00ed en el colegiolas \u201cmates\u201d me ense\u00f1an.La tabla del cuatropor fin me la aprendo.La tabla del sietese ha puesto imposible.Siete por tres, veintiuna.Siete [&hellip;]<\/p>\n","protected":false},"author":1,"featured_media":0,"parent":0,"menu_order":0,"comment_status":"closed","ping_status":"closed","template":"","meta":{"_themeisle_gutenberg_block_has_review":false,"footnotes":""},"class_list":["post-3456","page","type-page","status-publish","hentry"],"_links":{"self":[{"href":"https:\/\/irmina.art\/index.php\/wp-json\/wp\/v2\/pages\/3456","targetHints":{"allow":["GET"]}}],"collection":[{"href":"https:\/\/irmina.art\/index.php\/wp-json\/wp\/v2\/pages"}],"about":[{"href":"https:\/\/irmina.art\/index.php\/wp-json\/wp\/v2\/types\/page"}],"author":[{"embeddable":true,"href":"https:\/\/irmina.art\/index.php\/wp-json\/wp\/v2\/users\/1"}],"replies":[{"embeddable":true,"href":"https:\/\/irmina.art\/index.php\/wp-json\/wp\/v2\/comments?post=3456"}],"version-history":[{"count":5,"href":"https:\/\/irmina.art\/index.php\/wp-json\/wp\/v2\/pages\/3456\/revisions"}],"predecessor-version":[{"id":3493,"href":"https:\/\/irmina.art\/index.php\/wp-json\/wp\/v2\/pages\/3456\/revisions\/3493"}],"wp:attachment":[{"href":"https:\/\/irmina.art\/index.php\/wp-json\/wp\/v2\/media?parent=3456"}],"curies":[{"name":"wp","href":"https:\/\/api.w.org\/{rel}","templated":true}]}}