{"id":3453,"date":"2024-01-28T16:29:01","date_gmt":"2024-01-28T15:29:01","guid":{"rendered":"https:\/\/irmina.art\/?page_id=3453"},"modified":"2024-01-30T15:28:46","modified_gmt":"2024-01-30T14:28:46","slug":"me-ha-dicho-el-nino","status":"publish","type":"page","link":"https:\/\/irmina.art\/index.php\/me-ha-dicho-el-nino\/","title":{"rendered":"Me ha dicho el ni\u00f1o"},"content":{"rendered":"\n<p class=\"has-text-align-center\">Me ha dicho el ni\u00f1o:<br><em>Voy a tomarme la sopa,<br>voy a acostarme temprano,<br>voy a lavarme las manos<strong>.<br>* * *<br><\/strong><\/em>Me ha dicho el ni\u00f1o:<br><em>Voy a comerme el pescado,<br>voy a guardar los juguetes,<br>voy a ponerme el abrigo.<\/em>&nbsp;<br>* * *<br>Me ha dicho el ni\u00f1o:<br><em>Voy a sentarme derecho,<br>voy a llevarme mi plato,<br>voy a acabar el dictado.<\/em><\/p>\n\n\n\n<div class=\"wp-block-buttons is-content-justification-right is-layout-flex wp-container-core-buttons-is-layout-d445cf74 wp-block-buttons-is-layout-flex\">\n<div class=\"wp-block-button\"><a class=\"wp-block-button__link wp-element-button\" href=\"https:\/\/irmina.art\/index.php\/semana\/\" style=\"border-radius:100px\">Semana<\/a><\/div>\n<\/div>\n","protected":false},"excerpt":{"rendered":"<p>Me ha dicho el ni\u00f1o:Voy a tomarme la sopa,voy a acostarme temprano,voy a lavarme las manos.* * *Me ha dicho el ni\u00f1o:Voy a comerme el pescado,voy a guardar los juguetes,voy a ponerme el abrigo.&nbsp;* * *Me ha dicho el ni\u00f1o:Voy a sentarme derecho,voy a llevarme mi plato,voy a acabar el dictado.<\/p>\n","protected":false},"author":1,"featured_media":0,"parent":0,"menu_order":0,"comment_status":"closed","ping_status":"closed","template":"","meta":{"_themeisle_gutenberg_block_has_review":false,"footnotes":""},"class_list":["post-3453","page","type-page","status-publish","hentry"],"_links":{"self":[{"href":"https:\/\/irmina.art\/index.php\/wp-json\/wp\/v2\/pages\/3453","targetHints":{"allow":["GET"]}}],"collection":[{"href":"https:\/\/irmina.art\/index.php\/wp-json\/wp\/v2\/pages"}],"about":[{"href":"https:\/\/irmina.art\/index.php\/wp-json\/wp\/v2\/types\/page"}],"author":[{"embeddable":true,"href":"https:\/\/irmina.art\/index.php\/wp-json\/wp\/v2\/users\/1"}],"replies":[{"embeddable":true,"href":"https:\/\/irmina.art\/index.php\/wp-json\/wp\/v2\/comments?post=3453"}],"version-history":[{"count":4,"href":"https:\/\/irmina.art\/index.php\/wp-json\/wp\/v2\/pages\/3453\/revisions"}],"predecessor-version":[{"id":3524,"href":"https:\/\/irmina.art\/index.php\/wp-json\/wp\/v2\/pages\/3453\/revisions\/3524"}],"wp:attachment":[{"href":"https:\/\/irmina.art\/index.php\/wp-json\/wp\/v2\/media?parent=3453"}],"curies":[{"name":"wp","href":"https:\/\/api.w.org\/{rel}","templated":true}]}}