{"id":3449,"date":"2024-01-28T16:19:45","date_gmt":"2024-01-28T15:19:45","guid":{"rendered":"https:\/\/irmina.art\/?page_id=3449"},"modified":"2024-01-28T17:29:35","modified_gmt":"2024-01-28T16:29:35","slug":"princesa-con-zuecos","status":"publish","type":"page","link":"https:\/\/irmina.art\/index.php\/princesa-con-zuecos\/","title":{"rendered":"Princesa con zuecos"},"content":{"rendered":"\n<p class=\"has-text-align-center\">Princesa, princesa, princesa con zuecos,<br>\u00a1qu\u00e9 fr\u00e1gil estrella reluce en tus rizos!<\/p>\n\n\n\n<p class=\"has-text-align-center\">\u2022 \u2022 \u2022 \u2022 \u2022<\/p>\n\n\n\n<p class=\"has-text-align-center\">Princesa, princesa, princesa con zuecos,<br>\u00a1rosas silvestres alegran&nbsp; tu rostro!<\/p>\n\n\n\n<p class=\"has-text-align-center\">\u2022 \u2022 \u2022 \u2022 \u2022<\/p>\n\n\n\n<p class=\"has-text-align-center\">Princesa, princesa, princesa con zuecos,<br>\u00a1tus manos atrapan la luna de crema!<\/p>\n\n\n\n<p class=\"has-text-align-center\">\u2022 \u2022 \u2022 \u2022 \u2022<\/p>\n\n\n\n<p class=\"has-text-align-center\">\u00a1La luna de crema, la fr\u00e1gil estrella,<br>las rosas silvestres, princesa, princesa!<\/p>\n\n\n\n<p class=\"has-text-align-center\">\u2022 \u2022 \u2022 \u2022 \u2022<\/p>\n\n\n\n<p class=\"has-text-align-center\">Princesa, princesa, princesa con zuecos,<br>\u00a1escribo <strong>PRINCESA<\/strong> con letra de imprenta!<\/p>\n\n\n\n<p class=\"has-text-align-center\">\u2022 \u2022 \u2022 \u2022 \u2022<\/p>\n\n\n\n<p class=\"has-text-align-center\">Princesa, princesa, princesa con zuecos,<br>\u00a1con prunas y fresas te has hecho una prenda!<\/p>\n\n\n\n<p class=\"has-text-align-center\">\u2022 \u2022 \u2022 \u2022 \u2022<\/p>\n\n\n\n<p class=\"has-text-align-center\">Princesa, princesa, princesa con zuecos,<br>\u00a1un broche bru\u00f1ido apresa tus sue\u00f1os!<\/p>\n\n\n\n<p class=\"has-text-align-center\">\u2022 \u2022 \u2022 \u2022 \u2022<\/p>\n\n\n\n<p class=\"has-text-align-center\">\u00a1Un broche bru\u00f1ido, la letra de imprenta,<br>las prunas y fresas, princesa, princesa!<\/p>\n\n\n\n<p class=\"has-text-align-center\">\u2022 \u2022 \u2022 \u2022 \u2022<\/p>\n\n\n\n<p class=\"has-text-align-center\">Princesa, princesa, princesa con zuecos,<br>siempre te encuentro en tu trono brillante.<\/p>\n\n\n\n<p class=\"has-text-align-center\">\u2022 \u2022 \u2022 \u2022 \u2022<\/p>\n\n\n\n<p class=\"has-text-align-center\">Princesa, princesa, princesa con zuecos,<br>\u00a1aguarda tranquila los trece diciembres!<\/p>\n\n\n\n<p class=\"has-text-align-center\">\u2022 \u2022 \u2022 \u2022 \u2022<\/p>\n\n\n\n<p class=\"has-text-align-center\">Princesa, princesa, princesa con zuecos,<br>\u00a1si truena, te escondes detr\u00e1s de un cristal!<\/p>\n\n\n\n<p class=\"has-text-align-center\">\u2022 \u2022 \u2022 \u2022 \u2022<\/p>\n\n\n\n<p class=\"has-text-align-center\">\u00a1Un trueno, el cristal, tu trono brillante,<br>los trece diciembres, princesa, princesa!<\/p>\n\n\n\n<p class=\"has-text-align-center\">\u2022 \u2022 \u2022 \u2022 \u2022<\/p>\n\n\n\n<p class=\"has-text-align-center\">Princesa, princesa, princesa con zuecos,<br>\u00a1Christopher estrena un extra\u00f1o sombrero!<\/p>\n\n\n\n<p class=\"has-text-align-center\">\u2022 \u2022 \u2022 \u2022 \u2022<\/p>\n\n\n\n<p class=\"has-text-align-center\">Princesa, princesa, princesa con zuecos,<br>\u00a1en tren a Granada, en borrico a la Alhambra!<\/p>\n\n\n\n<p class=\"has-text-align-center\">\u2022 \u2022 \u2022 \u2022 \u2022<\/p>\n\n\n\n<p class=\"has-text-align-center\">Princesa, princesa, princesa con zuecos,<br>\u00bfte agradan los postres de trufa y almendras?<\/p>\n\n\n\n<p class=\"has-text-align-center\">\u2022 \u2022 \u2022 \u2022 \u2022<\/p>\n\n\n\n<p class=\"has-text-align-center\">\u00a1Almendras y trufa, un extra\u00f1o sombrero,<br>Granada, la Alhambra, princesa, princesa!<\/p>\n\n\n\n<p class=\"has-text-align-center\">\u2022 \u2022 \u2022 \u2022 \u2022<\/p>\n\n\n\n<p class=\"has-text-align-center\">Princesa, princesa, princesa con zuecos,<br>\u00a1sonrisas y trinos: \u201ctralar\u00e1, tralar\u00e1larelo\u201d!<\/p>\n\n\n\n<p class=\"has-text-align-center\">\u2022 \u2022 \u2022 \u2022 \u2022<\/p>\n\n\n\n<p class=\"has-text-align-center\">Princesa, princesa, princesa con zuecos,<br>\u00a1preciosa madrugas, graciosa te acuestas!<\/p>\n\n\n\n<p class=\"has-text-align-center\">\u2022 \u2022 \u2022 \u2022 \u2022<\/p>\n\n\n\n<p class=\"has-text-align-center\">Princesa, princesa, princesa con zuecos,<br>\u00a1gr\u00e1cil golondrina en la primavera!<\/p>\n\n\n\n<p class=\"has-text-align-center\">\u2022 \u2022 \u2022 \u2022 \u2022<\/p>\n\n\n\n<p class=\"has-text-align-center\">\u00a1Una golondrina, sonrisas y trinos,<br>preciosa y graciosa princesa, princesa!<\/p>\n\n\n\n<p class=\"has-text-align-center\">\u2022 \u2022 \u2022 \u2022 \u2022<\/p>\n\n\n\n<p class=\"has-text-align-center\">Princesa, princesa, princesa con zuecos,<br>\u00bfqui\u00e9n grita tu nombre<br>si no has aprendido las preposiciones?<\/p>\n\n\n\n<p class=\"has-text-align-center\">\u2022 \u2022 \u2022 \u2022 \u2022<\/p>\n\n\n\n<p class=\"has-text-align-center\">Princesa, princesa, princesa con zuecos,<br>\u00a1qu\u00e9 exc\u00e9ntricos versos, qu\u00e9 tristes tus ojos,<br>qu\u00e9 negra la noche, qu\u00e9 crudo el invierno!<\/p>\n\n\n\n<p class=\"has-text-align-center\">\u2022 \u2022 \u2022 \u2022 \u2022<\/p>\n\n\n\n<p class=\"has-text-align-center\">Princesa, princesa, princesa con zuecos,<br>\u00a1sorpresa, prodigio, asombro tremendo:<br>mil astros alumbran tu frente serena!<\/p>\n\n\n\n<p class=\"has-text-align-center\">\u2022 \u2022 \u2022 \u2022 \u2022<\/p>\n\n\n\n<p class=\"has-text-align-center\">\u2022 \u2022 \u2022 \u2022 \u2022<\/p>\n\n\n\n<p class=\"has-text-align-center\">Princesa, princesa, princesa con zuecos,<br>\u00a1problemas no quieres; ni trabas yo quiero,<br>ni trances, ni embrollos, ni trampas,<br>ni tretas, ni intrigas, ni trucos!<br>\u00a1Ni creo en embrujos, ni en ogros,<br>&nbsp;ni en brujas, brebajes o troles!<br>\u00a1Mas trae de azafr\u00e1n cuatro hebras,<br>tres pelos de Efr\u00e9n, de Francia gran piedra,<br>&nbsp;un litro de agua del r\u00edo Cabriel,<br>un tronco de fresno, una alfombra de fieltro,<br>la luna de crema, la fr\u00e1gil estrella,<br>las rosas silvestres,<br>un broche bru\u00f1ido, la letra de imprenta,<br>las prunas y fresas,<br>un trueno, el cristal, tu trono brillante,<br>los trece diciembres,<br>almendras y trufa, un extra\u00f1o sombrero,<br>Granada, la Alhambra,<br>una golondrina, sonrisas y trinos,<br>tu nombre, las preposiciones,<br>exc\u00e9ntricos versos, mil astros, tu frente serena,<br>preciosa y graciosa princesa Milena!<\/p>\n\n\n\n<div class=\"wp-block-buttons is-content-justification-right is-layout-flex wp-container-core-buttons-is-layout-d445cf74 wp-block-buttons-is-layout-flex\">\n<div class=\"wp-block-button\"><a class=\"wp-block-button__link wp-element-button\" href=\"https:\/\/irmina.art\/index.php\/me-ha-dicho-el-nino\/\" style=\"border-radius:100px\">Me ha dicho el ni\u00f1o<\/a><\/div>\n<\/div>\n","protected":false},"excerpt":{"rendered":"<p>Princesa, princesa, princesa con zuecos,\u00a1qu\u00e9 fr\u00e1gil estrella reluce en tus rizos! \u2022 \u2022 \u2022 \u2022 \u2022 Princesa, princesa, princesa con zuecos,\u00a1rosas silvestres alegran&nbsp; tu rostro! \u2022 \u2022 \u2022 \u2022 \u2022 Princesa, princesa, princesa con zuecos,\u00a1tus manos atrapan la luna de crema! \u2022 \u2022 \u2022 \u2022 \u2022 \u00a1La luna de crema, la fr\u00e1gil estrella,las rosas silvestres, [&hellip;]<\/p>\n","protected":false},"author":1,"featured_media":0,"parent":0,"menu_order":0,"comment_status":"closed","ping_status":"closed","template":"","meta":{"_themeisle_gutenberg_block_has_review":false,"footnotes":""},"class_list":["post-3449","page","type-page","status-publish","hentry"],"_links":{"self":[{"href":"https:\/\/irmina.art\/index.php\/wp-json\/wp\/v2\/pages\/3449","targetHints":{"allow":["GET"]}}],"collection":[{"href":"https:\/\/irmina.art\/index.php\/wp-json\/wp\/v2\/pages"}],"about":[{"href":"https:\/\/irmina.art\/index.php\/wp-json\/wp\/v2\/types\/page"}],"author":[{"embeddable":true,"href":"https:\/\/irmina.art\/index.php\/wp-json\/wp\/v2\/users\/1"}],"replies":[{"embeddable":true,"href":"https:\/\/irmina.art\/index.php\/wp-json\/wp\/v2\/comments?post=3449"}],"version-history":[{"count":3,"href":"https:\/\/irmina.art\/index.php\/wp-json\/wp\/v2\/pages\/3449\/revisions"}],"predecessor-version":[{"id":3492,"href":"https:\/\/irmina.art\/index.php\/wp-json\/wp\/v2\/pages\/3449\/revisions\/3492"}],"wp:attachment":[{"href":"https:\/\/irmina.art\/index.php\/wp-json\/wp\/v2\/media?parent=3449"}],"curies":[{"name":"wp","href":"https:\/\/api.w.org\/{rel}","templated":true}]}}