{"id":2035,"date":"2023-03-10T00:19:38","date_gmt":"2023-03-09T23:19:38","guid":{"rendered":"https:\/\/irmina.server1.trinchera.dev\/?page_id=2034"},"modified":"2024-01-13T11:25:36","modified_gmt":"2024-01-13T10:25:36","slug":"politica-de-privacidad","status":"publish","type":"page","link":"https:\/\/irmina.art\/index.php\/politica-de-privacidad\/","title":{"rendered":"Pol\u00edtica de privacidad"},"content":{"rendered":"\n<h4 class=\"wp-block-heading\" id=\"block-329f2c87-00d9-4457-bd22-731f2ec326a3\">Soy<\/h4>\n\n\n\n<p id=\"block-0e67d39f-c868-4076-868c-efb87b5ce25e\">Irmina Serrano Est\u00e9vez y en esta web expongo mi obra literaria.<\/p>\n\n\n\n<p id=\"block-82dfc89d-120a-41ba-80f5-67846d75fad3\">La direcci\u00f3n de la web es: <a href=\"https:\/\/irmina.art\" target=\"_blank\" rel=\"noreferrer noopener\">https:\/\/irmina.art<\/a><\/p>\n\n\n\n<h4 class=\"wp-block-heading\" id=\"block-d028b334-5b81-43b0-903a-c81be1ce66d8\">Comentarios<\/h4>\n\n\n\n<p id=\"block-c07a9fba-c600-4011-973a-119e1159993f\">Los visitantes no pueden dejar comentarios en la web, por lo que no recopilo datos, ni tan siquiera de la direcci\u00f3n IP. No obstante, el visitante dispone de un enlace a mi direcci\u00f3n de correo electr\u00f3nico, \u00fanico canal por donde podr\u00e1 ponerse en contacto conmigo o comentar lo que desee.<\/p>\n\n\n\n<h4 class=\"wp-block-heading\" id=\"block-dcdd0fca-9290-4409-8628-96555f45d1ad\">Medios<\/h4>\n\n\n\n<p id=\"block-8fbe5f69-270b-4bd0-bf47-f14df6a0d520\">Puesto que no puede el visitante subir comentarios, no puede subir ning\u00fan tipo de medio.<\/p>\n\n\n\n<h4 class=\"wp-block-heading\" id=\"block-ba45bc20-c21f-458a-8731-ad17c7f47129\">Cookies<\/h4>\n\n\n\n<p id=\"block-70e665b3-27c7-4fff-8f04-5eb5fce46df1\">Esta web emplea cookies preferentemente funcionales como se indica en la p\u00e1gina <a rel=\"noreferrer noopener\" href=\"https:\/\/irmina.art\/index.php\/politica-de-cookies-ue\/\" data-type=\"page\" data-id=\"2124\" target=\"_blank\">Pol\u00edtica de cookies (UE)<\/a>.<\/p>\n\n\n\n<h4 class=\"wp-block-heading\" id=\"block-05427531-f471-44c9-8133-e751bad21104\">Contenido incrustado de otros sitios web<\/h4>\n\n\n\n<p id=\"block-ba250638-0d61-4ebf-a223-276cdc3a095b\">No hay contenido incrustado de otros sitios web salvo que se acepten cookies y que algunas de ellas lo puedan incluir.<\/p>\n\n\n\n<h4 class=\"wp-block-heading\" id=\"block-33ace673-b0a5-4619-9882-2585fef6471d\">Con qui\u00e9n comparto tus datos<\/h4>\n\n\n\n<p id=\"block-bc84359d-fc0d-4b54-8d58-f717bfd05388\">Dado que no recopilo ning\u00fan tipo de dato no hay nada que compartir con nadie.<\/p>\n\n\n\n<h4 class=\"wp-block-heading\" id=\"block-2dd728da-016f-404a-b629-7d215a06a7b1\">Cu\u00e1nto tiempo conservo tus datos<\/h4>\n\n\n\n<p id=\"block-80de08f5-e6ff-4bbf-a161-2b3f04e09c03\">No hay datos que conservar porque no los recopilamos.<\/p>\n\n\n\n<h4 class=\"wp-block-heading\" id=\"block-16555659-605f-472b-acee-698c6110fa0f\">Qu\u00e9 derechos tienes sobre tus datos<\/h4>\n\n\n\n<p id=\"block-be08faa3-ceaa-49ef-8dcb-a7613d3d3d16\">No proceden puesto que no tenemos recopilados ning\u00fan dato.<\/p>\n\n\n\n<h4 class=\"wp-block-heading\" id=\"block-3410a9ee-8c4b-49cb-b3ae-3b56df72ca51\">D\u00f3nde se env\u00edan tus datos<\/h4>\n\n\n\n<p id=\"block-ea13b5e0-6bbf-48cf-8734-5c1d3cdacd14\">A ninguna parte. No hay datos tuyos en esta web.<\/p>\n","protected":false},"excerpt":{"rendered":"<p>Soy Irmina Serrano Est\u00e9vez y en esta web expongo mi obra literaria. La direcci\u00f3n de la web es: https:\/\/irmina.art Comentarios Los visitantes no pueden dejar comentarios en la web, por lo que no recopilo datos, ni tan siquiera de la direcci\u00f3n IP. No obstante, el visitante dispone de un enlace a mi direcci\u00f3n de correo [&hellip;]<\/p>\n","protected":false},"author":1,"featured_media":0,"parent":0,"menu_order":0,"comment_status":"closed","ping_status":"closed","template":"","meta":{"_themeisle_gutenberg_block_has_review":false,"footnotes":""},"class_list":["post-2035","page","type-page","status-publish","hentry"],"_links":{"self":[{"href":"https:\/\/irmina.art\/index.php\/wp-json\/wp\/v2\/pages\/2035","targetHints":{"allow":["GET"]}}],"collection":[{"href":"https:\/\/irmina.art\/index.php\/wp-json\/wp\/v2\/pages"}],"about":[{"href":"https:\/\/irmina.art\/index.php\/wp-json\/wp\/v2\/types\/page"}],"author":[{"embeddable":true,"href":"https:\/\/irmina.art\/index.php\/wp-json\/wp\/v2\/users\/1"}],"replies":[{"embeddable":true,"href":"https:\/\/irmina.art\/index.php\/wp-json\/wp\/v2\/comments?post=2035"}],"version-history":[{"count":16,"href":"https:\/\/irmina.art\/index.php\/wp-json\/wp\/v2\/pages\/2035\/revisions"}],"predecessor-version":[{"id":3410,"href":"https:\/\/irmina.art\/index.php\/wp-json\/wp\/v2\/pages\/2035\/revisions\/3410"}],"wp:attachment":[{"href":"https:\/\/irmina.art\/index.php\/wp-json\/wp\/v2\/media?parent=2035"}],"curies":[{"name":"wp","href":"https:\/\/api.w.org\/{rel}","templated":true}]}}